{"id":1745,"date":"2024-09-30T16:46:26","date_gmt":"2024-09-30T19:46:26","guid":{"rendered":"https:\/\/interacaosustentavel.eco.br\/?page_id=1745"},"modified":"2026-01-12T15:32:50","modified_gmt":"2026-01-12T18:32:50","slug":"entidade-assistenciais-2","status":"publish","type":"page","link":"https:\/\/interacaosustentavel.eco.br\/index.php\/entidade-assistenciais-2\/","title":{"rendered":"Entidades de Araraquara"},"content":{"rendered":"<p>&nbsp;<\/p>\n<p>&nbsp;<\/p>\n<p>&nbsp;<\/p>\n<blockquote class=\"wp-embedded-content\" data-secret=\"sT1EQZ99qR\"><p><a href=\"https:\/\/interacaosustentavel.eco.br\/index.php\/2025\/10\/07\/grupo-viva-voluntarios-interdependentes-vivendo-amor\/\">GRUPO VIVA &#8211; Volunt\u00e1rios Interdependentes Vivendo Amor<\/a><\/p><\/blockquote>\n<p><iframe loading=\"lazy\" class=\"wp-embedded-content\" sandbox=\"allow-scripts\" security=\"restricted\" style=\"position: absolute; visibility: hidden;\" title=\"&#8220;GRUPO VIVA &#8211; Volunt\u00e1rios Interdependentes Vivendo Amor&#8221; &#8212; Inter@\u00e7\u00e3o Sustent@vel\" src=\"https:\/\/interacaosustentavel.eco.br\/index.php\/2025\/10\/07\/grupo-viva-voluntarios-interdependentes-vivendo-amor\/embed\/#?secret=lUdrtDH6Ms#?secret=sT1EQZ99qR\" data-secret=\"sT1EQZ99qR\" width=\"600\" height=\"338\" frameborder=\"0\" marginwidth=\"0\" marginheight=\"0\" scrolling=\"no\"><\/iframe><\/p>\n<blockquote class=\"wp-embedded-content\" data-secret=\"ypxf9qdPVc\"><p><a href=\"https:\/\/interacaosustentavel.eco.br\/index.php\/2025\/06\/01\/sociedade-de-educacao-e-promocao-social-imaculada-conceicao-2\/\">Sociedade De Educa\u00e7\u00e3o E Promo\u00e7\u00e3o Social Imaculada Concei\u00e7\u00e3o<\/a><\/p><\/blockquote>\n<p><iframe loading=\"lazy\" class=\"wp-embedded-content\" sandbox=\"allow-scripts\" security=\"restricted\" style=\"position: absolute; visibility: hidden;\" title=\"&#8220;Sociedade De Educa\u00e7\u00e3o E Promo\u00e7\u00e3o Social Imaculada Concei\u00e7\u00e3o&#8221; &#8212; Inter@\u00e7\u00e3o Sustent@vel\" src=\"https:\/\/interacaosustentavel.eco.br\/index.php\/2025\/06\/01\/sociedade-de-educacao-e-promocao-social-imaculada-conceicao-2\/embed\/#?secret=3yiDJfBtOq#?secret=ypxf9qdPVc\" data-secret=\"ypxf9qdPVc\" width=\"600\" height=\"338\" frameborder=\"0\" marginwidth=\"0\" marginheight=\"0\" scrolling=\"no\"><\/iframe><\/p>\n<blockquote class=\"wp-embedded-content\" data-secret=\"Ef6YrchRyl\"><p><a href=\"https:\/\/interacaosustentavel.eco.br\/index.php\/2024\/04\/27\/a-associacao-cultural-ary-luiz-bombarda\/\">A Associa\u00e7\u00e3o Cultural Ary Luiz Bombarda<\/a><\/p><\/blockquote>\n<p><iframe loading=\"lazy\" class=\"wp-embedded-content\" sandbox=\"allow-scripts\" security=\"restricted\" style=\"position: absolute; visibility: hidden;\" title=\"&#8220;A Associa\u00e7\u00e3o Cultural Ary Luiz Bombarda&#8221; &#8212; Inter@\u00e7\u00e3o Sustent@vel\" src=\"https:\/\/interacaosustentavel.eco.br\/index.php\/2024\/04\/27\/a-associacao-cultural-ary-luiz-bombarda\/embed\/#?secret=9xaxF4MTXD#?secret=Ef6YrchRyl\" data-secret=\"Ef6YrchRyl\" width=\"600\" height=\"338\" frameborder=\"0\" marginwidth=\"0\" marginheight=\"0\" scrolling=\"no\"><\/iframe><\/p>\n<blockquote class=\"wp-embedded-content\" data-secret=\"n86G3F1qzJ\"><p><a href=\"https:\/\/interacaosustentavel.eco.br\/index.php\/2024\/11\/07\/lar-escola-rita-maria-de-jesus\/\">Lar Escola Rita Maria de Jesus<\/a><\/p><\/blockquote>\n<p><iframe loading=\"lazy\" class=\"wp-embedded-content\" sandbox=\"allow-scripts\" security=\"restricted\" style=\"position: absolute; visibility: hidden;\" title=\"&#8220;Lar Escola Rita Maria de Jesus&#8221; &#8212; Inter@\u00e7\u00e3o Sustent@vel\" src=\"https:\/\/interacaosustentavel.eco.br\/index.php\/2024\/11\/07\/lar-escola-rita-maria-de-jesus\/embed\/#?secret=3HypeNculb#?secret=n86G3F1qzJ\" data-secret=\"n86G3F1qzJ\" width=\"600\" height=\"338\" frameborder=\"0\" marginwidth=\"0\" marginheight=\"0\" scrolling=\"no\"><\/iframe><\/p>\n<blockquote class=\"wp-embedded-content\" data-secret=\"15ZALS3omk\"><p><a href=\"https:\/\/interacaosustentavel.eco.br\/index.php\/2025\/06\/19\/lacca-liga-de-combate-ao-cancer-de-araraquara\/\">LACCA &#8211; Liga de Combate ao C\u00e2ncer de Araraquara<\/a><\/p><\/blockquote>\n<p><iframe loading=\"lazy\" class=\"wp-embedded-content\" sandbox=\"allow-scripts\" security=\"restricted\" style=\"position: absolute; visibility: hidden;\" title=\"&#8220;LACCA &#8211; Liga de Combate ao C\u00e2ncer de Araraquara&#8221; &#8212; Inter@\u00e7\u00e3o Sustent@vel\" src=\"https:\/\/interacaosustentavel.eco.br\/index.php\/2025\/06\/19\/lacca-liga-de-combate-ao-cancer-de-araraquara\/embed\/#?secret=KHUeKJ2lwX#?secret=15ZALS3omk\" data-secret=\"15ZALS3omk\" width=\"600\" height=\"338\" frameborder=\"0\" marginwidth=\"0\" marginheight=\"0\" scrolling=\"no\"><\/iframe><\/p>\n<blockquote class=\"wp-embedded-content\" data-secret=\"ypxf9qdPVc\"><p><a href=\"https:\/\/interacaosustentavel.eco.br\/index.php\/2025\/06\/01\/sociedade-de-educacao-e-promocao-social-imaculada-conceicao-2\/\">Sociedade De Educa\u00e7\u00e3o E Promo\u00e7\u00e3o Social Imaculada Concei\u00e7\u00e3o<\/a><\/p><\/blockquote>\n<p><iframe loading=\"lazy\" class=\"wp-embedded-content\" sandbox=\"allow-scripts\" security=\"restricted\" style=\"position: absolute; visibility: hidden;\" title=\"&#8220;Sociedade De Educa\u00e7\u00e3o E Promo\u00e7\u00e3o Social Imaculada Concei\u00e7\u00e3o&#8221; &#8212; Inter@\u00e7\u00e3o Sustent@vel\" src=\"https:\/\/interacaosustentavel.eco.br\/index.php\/2025\/06\/01\/sociedade-de-educacao-e-promocao-social-imaculada-conceicao-2\/embed\/#?secret=3yiDJfBtOq#?secret=ypxf9qdPVc\" data-secret=\"ypxf9qdPVc\" width=\"600\" height=\"338\" frameborder=\"0\" marginwidth=\"0\" marginheight=\"0\" scrolling=\"no\"><\/iframe><\/p>\n<p>&nbsp;<\/p>\n<blockquote class=\"wp-embedded-content\" data-secret=\"IivHeVrUd4\"><p><a href=\"https:\/\/interacaosustentavel.eco.br\/index.php\/2024\/11\/07\/sos-bombeiros\/\">SOS Bombeiros<\/a><\/p><\/blockquote>\n<p><iframe loading=\"lazy\" class=\"wp-embedded-content\" sandbox=\"allow-scripts\" security=\"restricted\" style=\"position: absolute; visibility: hidden;\" title=\"&#8220;SOS Bombeiros&#8221; &#8212; Inter@\u00e7\u00e3o Sustent@vel\" src=\"https:\/\/interacaosustentavel.eco.br\/index.php\/2024\/11\/07\/sos-bombeiros\/embed\/#?secret=6aMMbm0dlp#?secret=IivHeVrUd4\" data-secret=\"IivHeVrUd4\" width=\"600\" height=\"338\" frameborder=\"0\" marginwidth=\"0\" marginheight=\"0\" scrolling=\"no\"><\/iframe><\/p>\n<p>&nbsp;<\/p>\n<blockquote class=\"wp-embedded-content\" data-secret=\"n98p4W4Fyv\"><p><a href=\"https:\/\/interacaosustentavel.eco.br\/index.php\/2024\/08\/15\/lar-sao-francisco-araraquara\/\">Lar S\u00e3o Francisco Araraquara<\/a><\/p><\/blockquote>\n<p><iframe loading=\"lazy\" class=\"wp-embedded-content\" sandbox=\"allow-scripts\" security=\"restricted\" style=\"position: absolute; visibility: hidden;\" title=\"&#8220;Lar S\u00e3o Francisco Araraquara&#8221; &#8212; Inter@\u00e7\u00e3o Sustent@vel\" src=\"https:\/\/interacaosustentavel.eco.br\/index.php\/2024\/08\/15\/lar-sao-francisco-araraquara\/embed\/#?secret=3Al1wa7VN7#?secret=n98p4W4Fyv\" data-secret=\"n98p4W4Fyv\" width=\"600\" height=\"338\" frameborder=\"0\" marginwidth=\"0\" marginheight=\"0\" scrolling=\"no\"><\/iframe><\/p>\n<p>&nbsp;<\/p>\n<p>&nbsp;<\/p>\n<blockquote class=\"wp-embedded-content\" data-secret=\"aeFSzI2m3t\"><p><a href=\"https:\/\/interacaosustentavel.eco.br\/index.php\/2024\/05\/25\/1389\/\">CEDEFACE &#8211; Centro Deformidades Buco Faciais.<\/a><\/p><\/blockquote>\n<p><iframe loading=\"lazy\" class=\"wp-embedded-content\" sandbox=\"allow-scripts\" security=\"restricted\" style=\"position: absolute; visibility: hidden;\" title=\"&#8220;CEDEFACE &#8211; Centro Deformidades Buco Faciais.&#8221; &#8212; Inter@\u00e7\u00e3o Sustent@vel\" src=\"https:\/\/interacaosustentavel.eco.br\/index.php\/2024\/05\/25\/1389\/embed\/#?secret=ECGI1XaB86#?secret=aeFSzI2m3t\" data-secret=\"aeFSzI2m3t\" width=\"600\" height=\"338\" frameborder=\"0\" marginwidth=\"0\" marginheight=\"0\" scrolling=\"no\"><\/iframe><\/p>\n<blockquote class=\"wp-embedded-content\" data-secret=\"DurpLZphod\"><p><a href=\"https:\/\/interacaosustentavel.eco.br\/index.php\/2024\/08\/05\/lar-otoniel-de-camargo\/\">Lar Otoniel de Camargo<\/a><\/p><\/blockquote>\n<p><iframe loading=\"lazy\" class=\"wp-embedded-content\" sandbox=\"allow-scripts\" security=\"restricted\" style=\"position: absolute; visibility: hidden;\" title=\"&#8220;Lar Otoniel de Camargo&#8221; &#8212; Inter@\u00e7\u00e3o Sustent@vel\" src=\"https:\/\/interacaosustentavel.eco.br\/index.php\/2024\/08\/05\/lar-otoniel-de-camargo\/embed\/#?secret=cdc7bMCf3D#?secret=DurpLZphod\" data-secret=\"DurpLZphod\" width=\"600\" height=\"338\" frameborder=\"0\" marginwidth=\"0\" marginheight=\"0\" scrolling=\"no\"><\/iframe><\/p>\n<p>&nbsp;<\/p>\n<blockquote class=\"wp-embedded-content\" data-secret=\"pz1h6ln9qP\"><p><a href=\"https:\/\/interacaosustentavel.eco.br\/index.php\/2024\/07\/18\/lar-juvenil-domingos-savio\/\">LAR JUVENIL &#8211; DOMINGOS S\u00c1VIO<\/a><\/p><\/blockquote>\n<p><iframe loading=\"lazy\" class=\"wp-embedded-content\" sandbox=\"allow-scripts\" security=\"restricted\" style=\"position: absolute; visibility: hidden;\" title=\"&#8220;LAR JUVENIL &#8211; DOMINGOS S\u00c1VIO&#8221; &#8212; Inter@\u00e7\u00e3o Sustent@vel\" src=\"https:\/\/interacaosustentavel.eco.br\/index.php\/2024\/07\/18\/lar-juvenil-domingos-savio\/embed\/#?secret=EEiKeEdZSl#?secret=pz1h6ln9qP\" data-secret=\"pz1h6ln9qP\" width=\"600\" height=\"338\" frameborder=\"0\" marginwidth=\"0\" marginheight=\"0\" scrolling=\"no\"><\/iframe><\/p>\n<p>&nbsp;<\/p>\n<p>&nbsp;<\/p>\n<blockquote class=\"wp-embedded-content\" data-secret=\"aNG3MT2urw\"><p><a href=\"https:\/\/interacaosustentavel.eco.br\/index.php\/2025\/10\/06\/gaspa-grupo-de-apoio-aos-soropositivos-de-araraquara\/\">GASPA &#8211; Grupo de Apoio aos Soropositivos de Araraquara<\/a><\/p><\/blockquote>\n<p><iframe loading=\"lazy\" class=\"wp-embedded-content\" sandbox=\"allow-scripts\" security=\"restricted\" style=\"position: absolute; visibility: hidden;\" title=\"&#8220;GASPA &#8211; Grupo de Apoio aos Soropositivos de Araraquara&#8221; &#8212; Inter@\u00e7\u00e3o Sustent@vel\" src=\"https:\/\/interacaosustentavel.eco.br\/index.php\/2025\/10\/06\/gaspa-grupo-de-apoio-aos-soropositivos-de-araraquara\/embed\/#?secret=FZwh81pd5d#?secret=aNG3MT2urw\" data-secret=\"aNG3MT2urw\" width=\"600\" height=\"338\" frameborder=\"0\" marginwidth=\"0\" marginheight=\"0\" scrolling=\"no\"><\/iframe><\/p>\n<blockquote class=\"wp-embedded-content\" data-secret=\"1Jj9XCZYgr\"><p><a href=\"https:\/\/interacaosustentavel.eco.br\/index.php\/2024\/06\/01\/instituto-de-cegos-santa-luzia\/\">Instituto de Cegos Santa Luzia<\/a><\/p><\/blockquote>\n<p><iframe loading=\"lazy\" class=\"wp-embedded-content\" sandbox=\"allow-scripts\" security=\"restricted\" style=\"position: absolute; visibility: hidden;\" title=\"&#8220;Instituto de Cegos Santa Luzia&#8221; &#8212; Inter@\u00e7\u00e3o Sustent@vel\" src=\"https:\/\/interacaosustentavel.eco.br\/index.php\/2024\/06\/01\/instituto-de-cegos-santa-luzia\/embed\/#?secret=LWVJK5Zfrz#?secret=1Jj9XCZYgr\" data-secret=\"1Jj9XCZYgr\" width=\"600\" height=\"338\" frameborder=\"0\" marginwidth=\"0\" marginheight=\"0\" scrolling=\"no\"><\/iframe><\/p>\n<p>&nbsp;<\/p>\n<p>&nbsp;<\/p>\n<blockquote class=\"wp-embedded-content\" data-secret=\"VuIUnFsykr\"><p><a href=\"https:\/\/interacaosustentavel.eco.br\/index.php\/2024\/06\/01\/lar-caminho-da-paz-capaz\/\">Lar Caminho da Paz &#8211; CAPAZ<\/a><\/p><\/blockquote>\n<p><iframe loading=\"lazy\" class=\"wp-embedded-content\" sandbox=\"allow-scripts\" security=\"restricted\" style=\"position: absolute; visibility: hidden;\" title=\"&#8220;Lar Caminho da Paz &#8211; CAPAZ&#8221; &#8212; Inter@\u00e7\u00e3o Sustent@vel\" src=\"https:\/\/interacaosustentavel.eco.br\/index.php\/2024\/06\/01\/lar-caminho-da-paz-capaz\/embed\/#?secret=rf6ngJtnZK#?secret=VuIUnFsykr\" data-secret=\"VuIUnFsykr\" width=\"600\" height=\"338\" frameborder=\"0\" marginwidth=\"0\" marginheight=\"0\" scrolling=\"no\"><\/iframe><\/p>\n<blockquote class=\"wp-embedded-content\" data-secret=\"ETz6ZHfB29\"><p><a href=\"https:\/\/interacaosustentavel.eco.br\/index.php\/2024\/06\/01\/1509\/\">PARA DV (Associa\u00e7\u00e3o para o Apoio e Integra\u00e7\u00e3o do Deficiente Visual)<\/a><\/p><\/blockquote>\n<p><iframe loading=\"lazy\" class=\"wp-embedded-content\" sandbox=\"allow-scripts\" security=\"restricted\" style=\"position: absolute; visibility: hidden;\" title=\"&#8220;PARA DV (Associa\u00e7\u00e3o para o Apoio e Integra\u00e7\u00e3o do Deficiente Visual)&#8221; &#8212; Inter@\u00e7\u00e3o Sustent@vel\" src=\"https:\/\/interacaosustentavel.eco.br\/index.php\/2024\/06\/01\/1509\/embed\/#?secret=yDGiEdblbN#?secret=ETz6ZHfB29\" data-secret=\"ETz6ZHfB29\" width=\"600\" height=\"338\" frameborder=\"0\" marginwidth=\"0\" marginheight=\"0\" scrolling=\"no\"><\/iframe><\/p>\n<p>&nbsp;<\/p>\n<blockquote class=\"wp-embedded-content\" data-secret=\"GPPmV1uJz8\"><p><a href=\"https:\/\/interacaosustentavel.eco.br\/index.php\/2024\/05\/31\/vila-vicentina\/\">Vila Vicentina<\/a><\/p><\/blockquote>\n<p><iframe loading=\"lazy\" class=\"wp-embedded-content\" sandbox=\"allow-scripts\" security=\"restricted\" style=\"position: absolute; visibility: hidden;\" title=\"&#8220;Vila Vicentina&#8221; &#8212; Inter@\u00e7\u00e3o Sustent@vel\" src=\"https:\/\/interacaosustentavel.eco.br\/index.php\/2024\/05\/31\/vila-vicentina\/embed\/#?secret=d13ZACuPy3#?secret=GPPmV1uJz8\" data-secret=\"GPPmV1uJz8\" width=\"600\" height=\"338\" frameborder=\"0\" marginwidth=\"0\" marginheight=\"0\" scrolling=\"no\"><\/iframe><\/p>\n<p>&nbsp;<\/p>\n<blockquote class=\"wp-embedded-content\" data-secret=\"hLHsmJveRw\"><p><a href=\"https:\/\/interacaosustentavel.eco.br\/index.php\/2024\/11\/06\/casa-de-acolhimento-sao-pio\/\">Casa de Acolhimento S\u00e3o Pio<\/a><\/p><\/blockquote>\n<p><iframe loading=\"lazy\" class=\"wp-embedded-content\" sandbox=\"allow-scripts\" security=\"restricted\" style=\"position: absolute; visibility: hidden;\" title=\"&#8220;Casa de Acolhimento S\u00e3o Pio&#8221; &#8212; Inter@\u00e7\u00e3o Sustent@vel\" src=\"https:\/\/interacaosustentavel.eco.br\/index.php\/2024\/11\/06\/casa-de-acolhimento-sao-pio\/embed\/#?secret=HOHLEgWa3Y#?secret=hLHsmJveRw\" data-secret=\"hLHsmJveRw\" width=\"600\" height=\"338\" frameborder=\"0\" marginwidth=\"0\" marginheight=\"0\" scrolling=\"no\"><\/iframe><\/p>\n<blockquote class=\"wp-embedded-content\" data-secret=\"iKt7b1jdiT\"><p><a href=\"https:\/\/interacaosustentavel.eco.br\/index.php\/2025\/10\/01\/associacao-maes-guerreiras-de-araraquara\/\">Associa\u00e7\u00e3o M\u00e3es Guerreiras de Araraquara<\/a><\/p><\/blockquote>\n<p><iframe loading=\"lazy\" class=\"wp-embedded-content\" sandbox=\"allow-scripts\" security=\"restricted\" style=\"position: absolute; visibility: hidden;\" title=\"&#8220;Associa\u00e7\u00e3o M\u00e3es Guerreiras de Araraquara&#8221; &#8212; Inter@\u00e7\u00e3o Sustent@vel\" src=\"https:\/\/interacaosustentavel.eco.br\/index.php\/2025\/10\/01\/associacao-maes-guerreiras-de-araraquara\/embed\/#?secret=G96PrcPBKA#?secret=iKt7b1jdiT\" data-secret=\"iKt7b1jdiT\" width=\"600\" height=\"338\" frameborder=\"0\" marginwidth=\"0\" marginheight=\"0\" scrolling=\"no\"><\/iframe><\/p>\n<blockquote class=\"wp-embedded-content\" data-secret=\"XsNI6jvmHE\"><p><a href=\"https:\/\/interacaosustentavel.eco.br\/index.php\/2025\/10\/06\/casa-da-sopa\/\">Casa da Sopa<\/a><\/p><\/blockquote>\n<p><iframe loading=\"lazy\" class=\"wp-embedded-content\" sandbox=\"allow-scripts\" security=\"restricted\" style=\"position: absolute; visibility: hidden;\" title=\"&#8220;Casa da Sopa&#8221; &#8212; Inter@\u00e7\u00e3o Sustent@vel\" src=\"https:\/\/interacaosustentavel.eco.br\/index.php\/2025\/10\/06\/casa-da-sopa\/embed\/#?secret=HOSRZpGhp8#?secret=XsNI6jvmHE\" data-secret=\"XsNI6jvmHE\" width=\"600\" height=\"338\" frameborder=\"0\" marginwidth=\"0\" marginheight=\"0\" scrolling=\"no\"><\/iframe><\/p>\n<blockquote class=\"wp-embedded-content\" data-secret=\"kXmGHC7IQg\"><p><a href=\"https:\/\/interacaosustentavel.eco.br\/index.php\/2025\/10\/06\/hospital-cairbar-schutel\/\">Hospital Cairbar Schutel<\/a><\/p><\/blockquote>\n<p><iframe loading=\"lazy\" class=\"wp-embedded-content\" sandbox=\"allow-scripts\" security=\"restricted\" style=\"position: absolute; visibility: hidden;\" title=\"&#8220;Hospital Cairbar Schutel&#8221; &#8212; Inter@\u00e7\u00e3o Sustent@vel\" src=\"https:\/\/interacaosustentavel.eco.br\/index.php\/2025\/10\/06\/hospital-cairbar-schutel\/embed\/#?secret=iKVwz3cBam#?secret=kXmGHC7IQg\" data-secret=\"kXmGHC7IQg\" width=\"600\" height=\"338\" frameborder=\"0\" marginwidth=\"0\" marginheight=\"0\" scrolling=\"no\"><\/iframe><\/p>\n<blockquote class=\"wp-embedded-content\" data-secret=\"i7NEb2OgnL\"><p><a href=\"https:\/\/interacaosustentavel.eco.br\/index.php\/2025\/10\/08\/fundacao-bento-xvi\/\">Funda\u00e7\u00e3o Bento XVI<\/a><\/p><\/blockquote>\n<p><iframe loading=\"lazy\" class=\"wp-embedded-content\" sandbox=\"allow-scripts\" security=\"restricted\" style=\"position: absolute; visibility: hidden;\" title=\"&#8220;Funda\u00e7\u00e3o Bento XVI&#8221; &#8212; Inter@\u00e7\u00e3o Sustent@vel\" src=\"https:\/\/interacaosustentavel.eco.br\/index.php\/2025\/10\/08\/fundacao-bento-xvi\/embed\/#?secret=YdAH0VBk1R#?secret=i7NEb2OgnL\" data-secret=\"i7NEb2OgnL\" width=\"600\" height=\"338\" frameborder=\"0\" marginwidth=\"0\" marginheight=\"0\" scrolling=\"no\"><\/iframe><\/p>\n","protected":false},"excerpt":{"rendered":"<p>&nbsp; &nbsp; &nbsp; GRUPO VIVA &#8211; Volunt\u00e1rios Interdependentes Vivendo Amor Sociedade De Educa\u00e7\u00e3o E Promo\u00e7\u00e3o Social Imaculada Concei\u00e7\u00e3o A Associa\u00e7\u00e3o Cultural Ary Luiz Bombarda Lar [&hellip;]<\/p>\n","protected":false},"author":1,"featured_media":0,"parent":0,"menu_order":0,"comment_status":"closed","ping_status":"closed","template":"","meta":{"_bbp_topic_count":0,"_bbp_reply_count":0,"_bbp_total_topic_count":0,"_bbp_total_reply_count":0,"_bbp_voice_count":0,"_bbp_anonymous_reply_count":0,"_bbp_topic_count_hidden":0,"_bbp_reply_count_hidden":0,"_bbp_forum_subforum_count":0,"_crdt_document":"","_monsterinsights_skip_tracking":false,"_monsterinsights_sitenote_active":false,"_monsterinsights_sitenote_note":"","_monsterinsights_sitenote_category":0,"footnotes":""},"class_list":["post-1745","page","type-page","status-publish","hentry"],"yoast_head":"<!-- This site is optimized with the Yoast SEO plugin v26.8 - https:\/\/yoast.com\/product\/yoast-seo-wordpress\/ -->\n<title>Entidades de Araraquara - Inter@\u00e7\u00e3o Sustent@vel<\/title>\n<meta name=\"robots\" content=\"index, follow, max-snippet:-1, max-image-preview:large, max-video-preview:-1\" \/>\n<link rel=\"canonical\" href=\"https:\/\/interacaosustentavel.eco.br\/index.php\/entidade-assistenciais-2\/\" class=\"yoast-seo-meta-tag\" \/>\n<meta property=\"og:locale\" content=\"en_US\" class=\"yoast-seo-meta-tag\" \/>\n<meta property=\"og:type\" content=\"article\" class=\"yoast-seo-meta-tag\" \/>\n<meta property=\"og:title\" content=\"Entidades de Araraquara - Inter@\u00e7\u00e3o Sustent@vel\" class=\"yoast-seo-meta-tag\" \/>\n<meta property=\"og:description\" content=\"&nbsp; &nbsp; &nbsp; GRUPO VIVA &#8211; Volunt\u00e1rios Interdependentes Vivendo Amor Sociedade De Educa\u00e7\u00e3o E Promo\u00e7\u00e3o Social Imaculada Concei\u00e7\u00e3o A Associa\u00e7\u00e3o Cultural Ary Luiz Bombarda Lar [&hellip;]\" class=\"yoast-seo-meta-tag\" \/>\n<meta property=\"og:url\" content=\"https:\/\/interacaosustentavel.eco.br\/index.php\/entidade-assistenciais-2\/\" class=\"yoast-seo-meta-tag\" \/>\n<meta property=\"og:site_name\" content=\"Inter@\u00e7\u00e3o Sustent@vel\" class=\"yoast-seo-meta-tag\" \/>\n<meta property=\"article:modified_time\" content=\"2026-01-12T18:32:50+00:00\" class=\"yoast-seo-meta-tag\" \/>\n<meta name=\"twitter:card\" content=\"summary_large_image\" class=\"yoast-seo-meta-tag\" \/>\n<meta name=\"twitter:label1\" content=\"Est. reading time\" class=\"yoast-seo-meta-tag\" \/>\n\t<meta name=\"twitter:data1\" content=\"1 minute\" class=\"yoast-seo-meta-tag\" \/>\n<script type=\"application\/ld+json\" class=\"yoast-schema-graph\">{\"@context\":\"https:\/\/schema.org\",\"@graph\":[{\"@type\":\"WebPage\",\"@id\":\"https:\/\/interacaosustentavel.eco.br\/index.php\/entidade-assistenciais-2\/\",\"url\":\"https:\/\/interacaosustentavel.eco.br\/index.php\/entidade-assistenciais-2\/\",\"name\":\"Entidades de Araraquara - Inter@\u00e7\u00e3o Sustent@vel\",\"isPartOf\":{\"@id\":\"https:\/\/interacaosustentavel.eco.br\/#website\"},\"datePublished\":\"2024-09-30T19:46:26+00:00\",\"dateModified\":\"2026-01-12T18:32:50+00:00\",\"breadcrumb\":{\"@id\":\"https:\/\/interacaosustentavel.eco.br\/index.php\/entidade-assistenciais-2\/#breadcrumb\"},\"inLanguage\":\"en-US\",\"potentialAction\":[{\"@type\":\"ReadAction\",\"target\":[\"https:\/\/interacaosustentavel.eco.br\/index.php\/entidade-assistenciais-2\/\"]}]},{\"@type\":\"BreadcrumbList\",\"@id\":\"https:\/\/interacaosustentavel.eco.br\/index.php\/entidade-assistenciais-2\/#breadcrumb\",\"itemListElement\":[{\"@type\":\"ListItem\",\"position\":1,\"name\":\"In\u00edcio\",\"item\":\"https:\/\/interacaosustentavel.eco.br\/\"},{\"@type\":\"ListItem\",\"position\":2,\"name\":\"Entidades de Araraquara\"}]},{\"@type\":\"WebSite\",\"@id\":\"https:\/\/interacaosustentavel.eco.br\/#website\",\"url\":\"https:\/\/interacaosustentavel.eco.br\/\",\"name\":\"INTERA\u00c7\u00c3O VIRTU@L SUSTENT@VEL\",\"description\":\"*Jornalista respons\u00e1vel: Marcelo Henrique de Lima \u2013 MTB: n\u00ba 46.253.903\/02\/90\",\"publisher\":{\"@id\":\"https:\/\/interacaosustentavel.eco.br\/#\/schema\/person\/f7a4cc97de177390c463972fe1e0c3f2\"},\"potentialAction\":[{\"@type\":\"SearchAction\",\"target\":{\"@type\":\"EntryPoint\",\"urlTemplate\":\"https:\/\/interacaosustentavel.eco.br\/?s={search_term_string}\"},\"query-input\":{\"@type\":\"PropertyValueSpecification\",\"valueRequired\":true,\"valueName\":\"search_term_string\"}}],\"inLanguage\":\"en-US\"},{\"@type\":[\"Person\",\"Organization\"],\"@id\":\"https:\/\/interacaosustentavel.eco.br\/#\/schema\/person\/f7a4cc97de177390c463972fe1e0c3f2\",\"name\":\"Marcelo Henrique de Lima\",\"image\":{\"@type\":\"ImageObject\",\"inLanguage\":\"en-US\",\"@id\":\"https:\/\/interacaosustentavel.eco.br\/#\/schema\/person\/image\/\",\"url\":\"https:\/\/interacaosustentavel.eco.br\/wp-content\/uploads\/2025\/09\/cropped-NOVO-LOGO.jpeg\",\"contentUrl\":\"https:\/\/interacaosustentavel.eco.br\/wp-content\/uploads\/2025\/09\/cropped-NOVO-LOGO.jpeg\",\"width\":929,\"height\":927,\"caption\":\"Marcelo Henrique de Lima\"},\"logo\":{\"@id\":\"https:\/\/interacaosustentavel.eco.br\/#\/schema\/person\/image\/\"},\"sameAs\":[\"https:\/\/interacaosustentavel.eco.br\"]}]}<\/script>\n<!-- \/ Yoast SEO plugin. -->","yoast_head_json":{"title":"Entidades de Araraquara - Inter@\u00e7\u00e3o Sustent@vel","robots":{"index":"index","follow":"follow","max-snippet":"max-snippet:-1","max-image-preview":"max-image-preview:large","max-video-preview":"max-video-preview:-1"},"canonical":"https:\/\/interacaosustentavel.eco.br\/index.php\/entidade-assistenciais-2\/","og_locale":"en_US","og_type":"article","og_title":"Entidades de Araraquara - Inter@\u00e7\u00e3o Sustent@vel","og_description":"&nbsp; &nbsp; &nbsp; GRUPO VIVA &#8211; Volunt\u00e1rios Interdependentes Vivendo Amor Sociedade De Educa\u00e7\u00e3o E Promo\u00e7\u00e3o Social Imaculada Concei\u00e7\u00e3o A Associa\u00e7\u00e3o Cultural Ary Luiz Bombarda Lar [&hellip;]","og_url":"https:\/\/interacaosustentavel.eco.br\/index.php\/entidade-assistenciais-2\/","og_site_name":"Inter@\u00e7\u00e3o Sustent@vel","article_modified_time":"2026-01-12T18:32:50+00:00","twitter_card":"summary_large_image","twitter_misc":{"Est. reading time":"1 minute"},"schema":{"@context":"https:\/\/schema.org","@graph":[{"@type":"WebPage","@id":"https:\/\/interacaosustentavel.eco.br\/index.php\/entidade-assistenciais-2\/","url":"https:\/\/interacaosustentavel.eco.br\/index.php\/entidade-assistenciais-2\/","name":"Entidades de Araraquara - Inter@\u00e7\u00e3o Sustent@vel","isPartOf":{"@id":"https:\/\/interacaosustentavel.eco.br\/#website"},"datePublished":"2024-09-30T19:46:26+00:00","dateModified":"2026-01-12T18:32:50+00:00","breadcrumb":{"@id":"https:\/\/interacaosustentavel.eco.br\/index.php\/entidade-assistenciais-2\/#breadcrumb"},"inLanguage":"en-US","potentialAction":[{"@type":"ReadAction","target":["https:\/\/interacaosustentavel.eco.br\/index.php\/entidade-assistenciais-2\/"]}]},{"@type":"BreadcrumbList","@id":"https:\/\/interacaosustentavel.eco.br\/index.php\/entidade-assistenciais-2\/#breadcrumb","itemListElement":[{"@type":"ListItem","position":1,"name":"In\u00edcio","item":"https:\/\/interacaosustentavel.eco.br\/"},{"@type":"ListItem","position":2,"name":"Entidades de Araraquara"}]},{"@type":"WebSite","@id":"https:\/\/interacaosustentavel.eco.br\/#website","url":"https:\/\/interacaosustentavel.eco.br\/","name":"INTERA\u00c7\u00c3O VIRTU@L SUSTENT@VEL","description":"*Jornalista respons\u00e1vel: Marcelo Henrique de Lima \u2013 MTB: n\u00ba 46.253.903\/02\/90","publisher":{"@id":"https:\/\/interacaosustentavel.eco.br\/#\/schema\/person\/f7a4cc97de177390c463972fe1e0c3f2"},"potentialAction":[{"@type":"SearchAction","target":{"@type":"EntryPoint","urlTemplate":"https:\/\/interacaosustentavel.eco.br\/?s={search_term_string}"},"query-input":{"@type":"PropertyValueSpecification","valueRequired":true,"valueName":"search_term_string"}}],"inLanguage":"en-US"},{"@type":["Person","Organization"],"@id":"https:\/\/interacaosustentavel.eco.br\/#\/schema\/person\/f7a4cc97de177390c463972fe1e0c3f2","name":"Marcelo Henrique de Lima","image":{"@type":"ImageObject","inLanguage":"en-US","@id":"https:\/\/interacaosustentavel.eco.br\/#\/schema\/person\/image\/","url":"https:\/\/interacaosustentavel.eco.br\/wp-content\/uploads\/2025\/09\/cropped-NOVO-LOGO.jpeg","contentUrl":"https:\/\/interacaosustentavel.eco.br\/wp-content\/uploads\/2025\/09\/cropped-NOVO-LOGO.jpeg","width":929,"height":927,"caption":"Marcelo Henrique de Lima"},"logo":{"@id":"https:\/\/interacaosustentavel.eco.br\/#\/schema\/person\/image\/"},"sameAs":["https:\/\/interacaosustentavel.eco.br"]}]}},"_hostinger_reach_plugin_has_subscription_block":false,"_hostinger_reach_plugin_is_elementor":false,"_links":{"self":[{"href":"https:\/\/interacaosustentavel.eco.br\/index.php\/wp-json\/wp\/v2\/pages\/1745","targetHints":{"allow":["GET"]}}],"collection":[{"href":"https:\/\/interacaosustentavel.eco.br\/index.php\/wp-json\/wp\/v2\/pages"}],"about":[{"href":"https:\/\/interacaosustentavel.eco.br\/index.php\/wp-json\/wp\/v2\/types\/page"}],"author":[{"embeddable":true,"href":"https:\/\/interacaosustentavel.eco.br\/index.php\/wp-json\/wp\/v2\/users\/1"}],"replies":[{"embeddable":true,"href":"https:\/\/interacaosustentavel.eco.br\/index.php\/wp-json\/wp\/v2\/comments?post=1745"}],"version-history":[{"count":12,"href":"https:\/\/interacaosustentavel.eco.br\/index.php\/wp-json\/wp\/v2\/pages\/1745\/revisions"}],"predecessor-version":[{"id":2195,"href":"https:\/\/interacaosustentavel.eco.br\/index.php\/wp-json\/wp\/v2\/pages\/1745\/revisions\/2195"}],"wp:attachment":[{"href":"https:\/\/interacaosustentavel.eco.br\/index.php\/wp-json\/wp\/v2\/media?parent=1745"}],"curies":[{"name":"wp","href":"https:\/\/api.w.org\/{rel}","templated":true}]}}