{"id":212,"date":"2023-08-30T22:32:35","date_gmt":"2023-08-31T01:32:35","guid":{"rendered":"https:\/\/interacaosustentavel.eco.br\/?page_id=212"},"modified":"2023-10-21T22:22:48","modified_gmt":"2023-10-22T01:22:48","slug":"economia-critiva","status":"publish","type":"page","link":"https:\/\/interacaosustentavel.eco.br\/index.php\/economia-critiva\/","title":{"rendered":"Economia Cri@tiva"},"content":{"rendered":"","protected":false},"excerpt":{"rendered":"","protected":false},"author":1,"featured_media":671,"parent":0,"menu_order":0,"comment_status":"closed","ping_status":"closed","template":"","meta":{"_bbp_topic_count":0,"_bbp_reply_count":0,"_bbp_total_topic_count":0,"_bbp_total_reply_count":0,"_bbp_voice_count":0,"_bbp_anonymous_reply_count":0,"_bbp_topic_count_hidden":0,"_bbp_reply_count_hidden":0,"_bbp_forum_subforum_count":0,"_crdt_document":"","_monsterinsights_skip_tracking":false,"_monsterinsights_sitenote_active":false,"_monsterinsights_sitenote_note":"","_monsterinsights_sitenote_category":0,"footnotes":""},"class_list":["post-212","page","type-page","status-publish","has-post-thumbnail","hentry"],"yoast_head":"<!-- This site is optimized with the Yoast SEO plugin v26.8 - https:\/\/yoast.com\/product\/yoast-seo-wordpress\/ -->\n<title>Economia Cri@tiva - Inter@\u00e7\u00e3o Sustent@vel<\/title>\n<meta name=\"robots\" content=\"index, follow, max-snippet:-1, max-image-preview:large, max-video-preview:-1\" \/>\n<link rel=\"canonical\" href=\"https:\/\/interacaosustentavel.eco.br\/index.php\/economia-critiva\/\" class=\"yoast-seo-meta-tag\" \/>\n<meta property=\"og:locale\" content=\"en_US\" class=\"yoast-seo-meta-tag\" \/>\n<meta property=\"og:type\" content=\"article\" class=\"yoast-seo-meta-tag\" \/>\n<meta property=\"og:title\" content=\"Economia Cri@tiva - Inter@\u00e7\u00e3o Sustent@vel\" class=\"yoast-seo-meta-tag\" \/>\n<meta property=\"og:url\" content=\"https:\/\/interacaosustentavel.eco.br\/index.php\/economia-critiva\/\" class=\"yoast-seo-meta-tag\" \/>\n<meta property=\"og:site_name\" content=\"Inter@\u00e7\u00e3o Sustent@vel\" class=\"yoast-seo-meta-tag\" \/>\n<meta property=\"article:modified_time\" content=\"2023-10-22T01:22:48+00:00\" class=\"yoast-seo-meta-tag\" \/>\n<meta property=\"og:image\" content=\"https:\/\/interacaosustentavel.eco.br\/wp-content\/uploads\/2023\/10\/economia-criativa-ilustracao-e1605284007508-jpg.webp\" class=\"yoast-seo-meta-tag\" \/>\n\t<meta property=\"og:image:width\" content=\"800\" class=\"yoast-seo-meta-tag\" \/>\n\t<meta property=\"og:image:height\" content=\"422\" class=\"yoast-seo-meta-tag\" \/>\n\t<meta property=\"og:image:type\" content=\"image\/jpeg\" class=\"yoast-seo-meta-tag\" \/>\n<meta name=\"twitter:card\" content=\"summary_large_image\" class=\"yoast-seo-meta-tag\" \/>\n<script type=\"application\/ld+json\" class=\"yoast-schema-graph\">{\"@context\":\"https:\/\/schema.org\",\"@graph\":[{\"@type\":\"WebPage\",\"@id\":\"https:\/\/interacaosustentavel.eco.br\/index.php\/economia-critiva\/\",\"url\":\"https:\/\/interacaosustentavel.eco.br\/index.php\/economia-critiva\/\",\"name\":\"Economia Cri@tiva - Inter@\u00e7\u00e3o Sustent@vel\",\"isPartOf\":{\"@id\":\"https:\/\/interacaosustentavel.eco.br\/#website\"},\"primaryImageOfPage\":{\"@id\":\"https:\/\/interacaosustentavel.eco.br\/index.php\/economia-critiva\/#primaryimage\"},\"image\":{\"@id\":\"https:\/\/interacaosustentavel.eco.br\/index.php\/economia-critiva\/#primaryimage\"},\"thumbnailUrl\":\"https:\/\/interacaosustentavel.eco.br\/wp-content\/uploads\/2023\/10\/economia-criativa-ilustracao-e1605284007508-jpg.webp\",\"datePublished\":\"2023-08-31T01:32:35+00:00\",\"dateModified\":\"2023-10-22T01:22:48+00:00\",\"breadcrumb\":{\"@id\":\"https:\/\/interacaosustentavel.eco.br\/index.php\/economia-critiva\/#breadcrumb\"},\"inLanguage\":\"en-US\",\"potentialAction\":[{\"@type\":\"ReadAction\",\"target\":[\"https:\/\/interacaosustentavel.eco.br\/index.php\/economia-critiva\/\"]}]},{\"@type\":\"ImageObject\",\"inLanguage\":\"en-US\",\"@id\":\"https:\/\/interacaosustentavel.eco.br\/index.php\/economia-critiva\/#primaryimage\",\"url\":\"https:\/\/interacaosustentavel.eco.br\/wp-content\/uploads\/2023\/10\/economia-criativa-ilustracao-e1605284007508-jpg.webp\",\"contentUrl\":\"https:\/\/interacaosustentavel.eco.br\/wp-content\/uploads\/2023\/10\/economia-criativa-ilustracao-e1605284007508-jpg.webp\",\"width\":800,\"height\":422},{\"@type\":\"BreadcrumbList\",\"@id\":\"https:\/\/interacaosustentavel.eco.br\/index.php\/economia-critiva\/#breadcrumb\",\"itemListElement\":[{\"@type\":\"ListItem\",\"position\":1,\"name\":\"In\u00edcio\",\"item\":\"https:\/\/interacaosustentavel.eco.br\/\"},{\"@type\":\"ListItem\",\"position\":2,\"name\":\"Economia Cri@tiva\"}]},{\"@type\":\"WebSite\",\"@id\":\"https:\/\/interacaosustentavel.eco.br\/#website\",\"url\":\"https:\/\/interacaosustentavel.eco.br\/\",\"name\":\"INTERA\u00c7\u00c3O VIRTU@L SUSTENT@VEL\",\"description\":\"*Jornalista respons\u00e1vel: Marcelo Henrique de Lima \u2013 MTB: n\u00ba 46.253.903\/02\/90\",\"publisher\":{\"@id\":\"https:\/\/interacaosustentavel.eco.br\/#\/schema\/person\/f7a4cc97de177390c463972fe1e0c3f2\"},\"potentialAction\":[{\"@type\":\"SearchAction\",\"target\":{\"@type\":\"EntryPoint\",\"urlTemplate\":\"https:\/\/interacaosustentavel.eco.br\/?s={search_term_string}\"},\"query-input\":{\"@type\":\"PropertyValueSpecification\",\"valueRequired\":true,\"valueName\":\"search_term_string\"}}],\"inLanguage\":\"en-US\"},{\"@type\":[\"Person\",\"Organization\"],\"@id\":\"https:\/\/interacaosustentavel.eco.br\/#\/schema\/person\/f7a4cc97de177390c463972fe1e0c3f2\",\"name\":\"Marcelo Henrique de Lima\",\"image\":{\"@type\":\"ImageObject\",\"inLanguage\":\"en-US\",\"@id\":\"https:\/\/interacaosustentavel.eco.br\/#\/schema\/person\/image\/\",\"url\":\"https:\/\/interacaosustentavel.eco.br\/wp-content\/uploads\/2025\/09\/cropped-NOVO-LOGO.jpeg\",\"contentUrl\":\"https:\/\/interacaosustentavel.eco.br\/wp-content\/uploads\/2025\/09\/cropped-NOVO-LOGO.jpeg\",\"width\":929,\"height\":927,\"caption\":\"Marcelo Henrique de Lima\"},\"logo\":{\"@id\":\"https:\/\/interacaosustentavel.eco.br\/#\/schema\/person\/image\/\"},\"sameAs\":[\"https:\/\/interacaosustentavel.eco.br\"]}]}<\/script>\n<!-- \/ Yoast SEO plugin. -->","yoast_head_json":{"title":"Economia Cri@tiva - Inter@\u00e7\u00e3o Sustent@vel","robots":{"index":"index","follow":"follow","max-snippet":"max-snippet:-1","max-image-preview":"max-image-preview:large","max-video-preview":"max-video-preview:-1"},"canonical":"https:\/\/interacaosustentavel.eco.br\/index.php\/economia-critiva\/","og_locale":"en_US","og_type":"article","og_title":"Economia Cri@tiva - Inter@\u00e7\u00e3o Sustent@vel","og_url":"https:\/\/interacaosustentavel.eco.br\/index.php\/economia-critiva\/","og_site_name":"Inter@\u00e7\u00e3o Sustent@vel","article_modified_time":"2023-10-22T01:22:48+00:00","og_image":[{"width":800,"height":422,"url":"https:\/\/interacaosustentavel.eco.br\/wp-content\/uploads\/2023\/10\/economia-criativa-ilustracao-e1605284007508-jpg.webp","type":"image\/jpeg"}],"twitter_card":"summary_large_image","schema":{"@context":"https:\/\/schema.org","@graph":[{"@type":"WebPage","@id":"https:\/\/interacaosustentavel.eco.br\/index.php\/economia-critiva\/","url":"https:\/\/interacaosustentavel.eco.br\/index.php\/economia-critiva\/","name":"Economia Cri@tiva - Inter@\u00e7\u00e3o Sustent@vel","isPartOf":{"@id":"https:\/\/interacaosustentavel.eco.br\/#website"},"primaryImageOfPage":{"@id":"https:\/\/interacaosustentavel.eco.br\/index.php\/economia-critiva\/#primaryimage"},"image":{"@id":"https:\/\/interacaosustentavel.eco.br\/index.php\/economia-critiva\/#primaryimage"},"thumbnailUrl":"https:\/\/interacaosustentavel.eco.br\/wp-content\/uploads\/2023\/10\/economia-criativa-ilustracao-e1605284007508-jpg.webp","datePublished":"2023-08-31T01:32:35+00:00","dateModified":"2023-10-22T01:22:48+00:00","breadcrumb":{"@id":"https:\/\/interacaosustentavel.eco.br\/index.php\/economia-critiva\/#breadcrumb"},"inLanguage":"en-US","potentialAction":[{"@type":"ReadAction","target":["https:\/\/interacaosustentavel.eco.br\/index.php\/economia-critiva\/"]}]},{"@type":"ImageObject","inLanguage":"en-US","@id":"https:\/\/interacaosustentavel.eco.br\/index.php\/economia-critiva\/#primaryimage","url":"https:\/\/interacaosustentavel.eco.br\/wp-content\/uploads\/2023\/10\/economia-criativa-ilustracao-e1605284007508-jpg.webp","contentUrl":"https:\/\/interacaosustentavel.eco.br\/wp-content\/uploads\/2023\/10\/economia-criativa-ilustracao-e1605284007508-jpg.webp","width":800,"height":422},{"@type":"BreadcrumbList","@id":"https:\/\/interacaosustentavel.eco.br\/index.php\/economia-critiva\/#breadcrumb","itemListElement":[{"@type":"ListItem","position":1,"name":"In\u00edcio","item":"https:\/\/interacaosustentavel.eco.br\/"},{"@type":"ListItem","position":2,"name":"Economia Cri@tiva"}]},{"@type":"WebSite","@id":"https:\/\/interacaosustentavel.eco.br\/#website","url":"https:\/\/interacaosustentavel.eco.br\/","name":"INTERA\u00c7\u00c3O VIRTU@L SUSTENT@VEL","description":"*Jornalista respons\u00e1vel: Marcelo Henrique de Lima \u2013 MTB: n\u00ba 46.253.903\/02\/90","publisher":{"@id":"https:\/\/interacaosustentavel.eco.br\/#\/schema\/person\/f7a4cc97de177390c463972fe1e0c3f2"},"potentialAction":[{"@type":"SearchAction","target":{"@type":"EntryPoint","urlTemplate":"https:\/\/interacaosustentavel.eco.br\/?s={search_term_string}"},"query-input":{"@type":"PropertyValueSpecification","valueRequired":true,"valueName":"search_term_string"}}],"inLanguage":"en-US"},{"@type":["Person","Organization"],"@id":"https:\/\/interacaosustentavel.eco.br\/#\/schema\/person\/f7a4cc97de177390c463972fe1e0c3f2","name":"Marcelo Henrique de Lima","image":{"@type":"ImageObject","inLanguage":"en-US","@id":"https:\/\/interacaosustentavel.eco.br\/#\/schema\/person\/image\/","url":"https:\/\/interacaosustentavel.eco.br\/wp-content\/uploads\/2025\/09\/cropped-NOVO-LOGO.jpeg","contentUrl":"https:\/\/interacaosustentavel.eco.br\/wp-content\/uploads\/2025\/09\/cropped-NOVO-LOGO.jpeg","width":929,"height":927,"caption":"Marcelo Henrique de Lima"},"logo":{"@id":"https:\/\/interacaosustentavel.eco.br\/#\/schema\/person\/image\/"},"sameAs":["https:\/\/interacaosustentavel.eco.br"]}]}},"_hostinger_reach_plugin_has_subscription_block":false,"_hostinger_reach_plugin_is_elementor":false,"_links":{"self":[{"href":"https:\/\/interacaosustentavel.eco.br\/index.php\/wp-json\/wp\/v2\/pages\/212","targetHints":{"allow":["GET"]}}],"collection":[{"href":"https:\/\/interacaosustentavel.eco.br\/index.php\/wp-json\/wp\/v2\/pages"}],"about":[{"href":"https:\/\/interacaosustentavel.eco.br\/index.php\/wp-json\/wp\/v2\/types\/page"}],"author":[{"embeddable":true,"href":"https:\/\/interacaosustentavel.eco.br\/index.php\/wp-json\/wp\/v2\/users\/1"}],"replies":[{"embeddable":true,"href":"https:\/\/interacaosustentavel.eco.br\/index.php\/wp-json\/wp\/v2\/comments?post=212"}],"version-history":[{"count":1,"href":"https:\/\/interacaosustentavel.eco.br\/index.php\/wp-json\/wp\/v2\/pages\/212\/revisions"}],"predecessor-version":[{"id":214,"href":"https:\/\/interacaosustentavel.eco.br\/index.php\/wp-json\/wp\/v2\/pages\/212\/revisions\/214"}],"wp:featuredmedia":[{"embeddable":true,"href":"https:\/\/interacaosustentavel.eco.br\/index.php\/wp-json\/wp\/v2\/media\/671"}],"wp:attachment":[{"href":"https:\/\/interacaosustentavel.eco.br\/index.php\/wp-json\/wp\/v2\/media?parent=212"}],"curies":[{"name":"wp","href":"https:\/\/api.w.org\/{rel}","templated":true}]}}