{"id":250,"date":"2023-09-05T11:53:20","date_gmt":"2023-09-05T14:53:20","guid":{"rendered":"https:\/\/interacaosustentavel.eco.br\/?page_id=250"},"modified":"2024-05-31T17:05:36","modified_gmt":"2024-05-31T20:05:36","slug":"educacao-ambiental-nao-formal","status":"publish","type":"page","link":"https:\/\/interacaosustentavel.eco.br\/index.php\/educacao-ambiental-nao-formal\/","title":{"rendered":"Educa\u00e7\u00e3o Ambiental n\u00e3o-formal deve apresentar a\u00e7\u00f5es sustent\u00e1veis, envolvendo a participa\u00e7\u00e3o de cidad\u00e3os conscientes e respons\u00e1veis social e politicamente, engajados para a forma\u00e7\u00e3o de uma sociedade realmente democr\u00e1tica.  ()"},"content":{"rendered":"<p><span style=\"color: #0000ff;\"><strong><a style=\"color: #0000ff;\" href=\"http:\/\/portal.mec.gov.br\/secad\/arquivos\/pdf\/educacaoambiental\/pronea3.pdf\">Programa Nacional de Educa\u00e7\u00e3o Ambiental<\/a><\/strong><\/span><\/p>\n","protected":false},"excerpt":{"rendered":"<p>Programa Nacional de Educa\u00e7\u00e3o Ambiental<\/p>\n","protected":false},"author":1,"featured_media":473,"parent":0,"menu_order":0,"comment_status":"closed","ping_status":"closed","template":"","meta":{"_bbp_topic_count":0,"_bbp_reply_count":0,"_bbp_total_topic_count":0,"_bbp_total_reply_count":0,"_bbp_voice_count":0,"_bbp_anonymous_reply_count":0,"_bbp_topic_count_hidden":0,"_bbp_reply_count_hidden":0,"_bbp_forum_subforum_count":0,"_crdt_document":"","_monsterinsights_skip_tracking":false,"_monsterinsights_sitenote_active":false,"_monsterinsights_sitenote_note":"","_monsterinsights_sitenote_category":0,"footnotes":""},"class_list":["post-250","page","type-page","status-publish","has-post-thumbnail","hentry"],"yoast_head":"<!-- This site is optimized with the Yoast SEO plugin v26.8 - https:\/\/yoast.com\/product\/yoast-seo-wordpress\/ -->\n<title>Educa\u00e7\u00e3o Ambiental n\u00e3o-formal deve apresentar a\u00e7\u00f5es sustent\u00e1veis, envolvendo a participa\u00e7\u00e3o de cidad\u00e3os conscientes e respons\u00e1veis social e politicamente, engajados para a forma\u00e7\u00e3o de uma sociedade realmente democr\u00e1tica. () - Inter@\u00e7\u00e3o Sustent@vel<\/title>\n<meta name=\"robots\" content=\"index, follow, max-snippet:-1, max-image-preview:large, max-video-preview:-1\" \/>\n<link rel=\"canonical\" href=\"https:\/\/interacaosustentavel.eco.br\/index.php\/educacao-ambiental-nao-formal\/\" class=\"yoast-seo-meta-tag\" \/>\n<meta property=\"og:locale\" content=\"en_US\" class=\"yoast-seo-meta-tag\" \/>\n<meta property=\"og:type\" content=\"article\" class=\"yoast-seo-meta-tag\" \/>\n<meta property=\"og:title\" content=\"Educa\u00e7\u00e3o Ambiental n\u00e3o-formal deve apresentar a\u00e7\u00f5es sustent\u00e1veis, envolvendo a participa\u00e7\u00e3o de cidad\u00e3os conscientes e respons\u00e1veis social e politicamente, engajados para a forma\u00e7\u00e3o de uma sociedade realmente democr\u00e1tica. () - Inter@\u00e7\u00e3o Sustent@vel\" class=\"yoast-seo-meta-tag\" \/>\n<meta property=\"og:description\" content=\"Programa Nacional de Educa\u00e7\u00e3o Ambiental\" class=\"yoast-seo-meta-tag\" \/>\n<meta property=\"og:url\" content=\"https:\/\/interacaosustentavel.eco.br\/index.php\/educacao-ambiental-nao-formal\/\" class=\"yoast-seo-meta-tag\" \/>\n<meta property=\"og:site_name\" content=\"Inter@\u00e7\u00e3o Sustent@vel\" class=\"yoast-seo-meta-tag\" \/>\n<meta property=\"article:modified_time\" content=\"2024-05-31T20:05:36+00:00\" class=\"yoast-seo-meta-tag\" \/>\n<meta property=\"og:image\" content=\"https:\/\/interacaosustentavel.eco.br\/wp-content\/uploads\/2023\/09\/3-1.webp\" class=\"yoast-seo-meta-tag\" \/>\n\t<meta property=\"og:image:width\" content=\"768\" class=\"yoast-seo-meta-tag\" \/>\n\t<meta property=\"og:image:height\" content=\"432\" class=\"yoast-seo-meta-tag\" \/>\n\t<meta property=\"og:image:type\" content=\"image\/webp\" class=\"yoast-seo-meta-tag\" \/>\n<meta name=\"twitter:card\" content=\"summary_large_image\" class=\"yoast-seo-meta-tag\" \/>\n<script type=\"application\/ld+json\" class=\"yoast-schema-graph\">{\"@context\":\"https:\/\/schema.org\",\"@graph\":[{\"@type\":\"WebPage\",\"@id\":\"https:\/\/interacaosustentavel.eco.br\/index.php\/educacao-ambiental-nao-formal\/\",\"url\":\"https:\/\/interacaosustentavel.eco.br\/index.php\/educacao-ambiental-nao-formal\/\",\"name\":\"Educa\u00e7\u00e3o Ambiental n\u00e3o-formal deve apresentar a\u00e7\u00f5es sustent\u00e1veis, envolvendo a participa\u00e7\u00e3o de cidad\u00e3os conscientes e respons\u00e1veis social e politicamente, engajados para a forma\u00e7\u00e3o de uma sociedade realmente democr\u00e1tica. () - Inter@\u00e7\u00e3o Sustent@vel\",\"isPartOf\":{\"@id\":\"https:\/\/interacaosustentavel.eco.br\/#website\"},\"primaryImageOfPage\":{\"@id\":\"https:\/\/interacaosustentavel.eco.br\/index.php\/educacao-ambiental-nao-formal\/#primaryimage\"},\"image\":{\"@id\":\"https:\/\/interacaosustentavel.eco.br\/index.php\/educacao-ambiental-nao-formal\/#primaryimage\"},\"thumbnailUrl\":\"https:\/\/interacaosustentavel.eco.br\/wp-content\/uploads\/2023\/09\/3-1.webp\",\"datePublished\":\"2023-09-05T14:53:20+00:00\",\"dateModified\":\"2024-05-31T20:05:36+00:00\",\"breadcrumb\":{\"@id\":\"https:\/\/interacaosustentavel.eco.br\/index.php\/educacao-ambiental-nao-formal\/#breadcrumb\"},\"inLanguage\":\"en-US\",\"potentialAction\":[{\"@type\":\"ReadAction\",\"target\":[\"https:\/\/interacaosustentavel.eco.br\/index.php\/educacao-ambiental-nao-formal\/\"]}]},{\"@type\":\"ImageObject\",\"inLanguage\":\"en-US\",\"@id\":\"https:\/\/interacaosustentavel.eco.br\/index.php\/educacao-ambiental-nao-formal\/#primaryimage\",\"url\":\"https:\/\/interacaosustentavel.eco.br\/wp-content\/uploads\/2023\/09\/3-1.webp\",\"contentUrl\":\"https:\/\/interacaosustentavel.eco.br\/wp-content\/uploads\/2023\/09\/3-1.webp\",\"width\":768,\"height\":432},{\"@type\":\"BreadcrumbList\",\"@id\":\"https:\/\/interacaosustentavel.eco.br\/index.php\/educacao-ambiental-nao-formal\/#breadcrumb\",\"itemListElement\":[{\"@type\":\"ListItem\",\"position\":1,\"name\":\"In\u00edcio\",\"item\":\"https:\/\/interacaosustentavel.eco.br\/\"},{\"@type\":\"ListItem\",\"position\":2,\"name\":\"Educa\u00e7\u00e3o Ambiental n\u00e3o-formal deve apresentar a\u00e7\u00f5es sustent\u00e1veis, envolvendo a participa\u00e7\u00e3o de cidad\u00e3os conscientes e respons\u00e1veis social e politicamente, engajados para a forma\u00e7\u00e3o de uma sociedade realmente democr\u00e1tica. ()\"}]},{\"@type\":\"WebSite\",\"@id\":\"https:\/\/interacaosustentavel.eco.br\/#website\",\"url\":\"https:\/\/interacaosustentavel.eco.br\/\",\"name\":\"INTERA\u00c7\u00c3O VIRTU@L SUSTENT@VEL\",\"description\":\"*Jornalista respons\u00e1vel: Marcelo Henrique de Lima \u2013 MTB: n\u00ba 46.253.903\/02\/90\",\"publisher\":{\"@id\":\"https:\/\/interacaosustentavel.eco.br\/#\/schema\/person\/f7a4cc97de177390c463972fe1e0c3f2\"},\"potentialAction\":[{\"@type\":\"SearchAction\",\"target\":{\"@type\":\"EntryPoint\",\"urlTemplate\":\"https:\/\/interacaosustentavel.eco.br\/?s={search_term_string}\"},\"query-input\":{\"@type\":\"PropertyValueSpecification\",\"valueRequired\":true,\"valueName\":\"search_term_string\"}}],\"inLanguage\":\"en-US\"},{\"@type\":[\"Person\",\"Organization\"],\"@id\":\"https:\/\/interacaosustentavel.eco.br\/#\/schema\/person\/f7a4cc97de177390c463972fe1e0c3f2\",\"name\":\"Marcelo Henrique de Lima\",\"image\":{\"@type\":\"ImageObject\",\"inLanguage\":\"en-US\",\"@id\":\"https:\/\/interacaosustentavel.eco.br\/#\/schema\/person\/image\/\",\"url\":\"https:\/\/interacaosustentavel.eco.br\/wp-content\/uploads\/2025\/09\/cropped-NOVO-LOGO.jpeg\",\"contentUrl\":\"https:\/\/interacaosustentavel.eco.br\/wp-content\/uploads\/2025\/09\/cropped-NOVO-LOGO.jpeg\",\"width\":929,\"height\":927,\"caption\":\"Marcelo Henrique de Lima\"},\"logo\":{\"@id\":\"https:\/\/interacaosustentavel.eco.br\/#\/schema\/person\/image\/\"},\"sameAs\":[\"https:\/\/interacaosustentavel.eco.br\"]}]}<\/script>\n<!-- \/ Yoast SEO plugin. -->","yoast_head_json":{"title":"Educa\u00e7\u00e3o Ambiental n\u00e3o-formal deve apresentar a\u00e7\u00f5es sustent\u00e1veis, envolvendo a participa\u00e7\u00e3o de cidad\u00e3os conscientes e respons\u00e1veis social e politicamente, engajados para a forma\u00e7\u00e3o de uma sociedade realmente democr\u00e1tica. () - Inter@\u00e7\u00e3o Sustent@vel","robots":{"index":"index","follow":"follow","max-snippet":"max-snippet:-1","max-image-preview":"max-image-preview:large","max-video-preview":"max-video-preview:-1"},"canonical":"https:\/\/interacaosustentavel.eco.br\/index.php\/educacao-ambiental-nao-formal\/","og_locale":"en_US","og_type":"article","og_title":"Educa\u00e7\u00e3o Ambiental n\u00e3o-formal deve apresentar a\u00e7\u00f5es sustent\u00e1veis, envolvendo a participa\u00e7\u00e3o de cidad\u00e3os conscientes e respons\u00e1veis social e politicamente, engajados para a forma\u00e7\u00e3o de uma sociedade realmente democr\u00e1tica. () - Inter@\u00e7\u00e3o Sustent@vel","og_description":"Programa Nacional de Educa\u00e7\u00e3o Ambiental","og_url":"https:\/\/interacaosustentavel.eco.br\/index.php\/educacao-ambiental-nao-formal\/","og_site_name":"Inter@\u00e7\u00e3o Sustent@vel","article_modified_time":"2024-05-31T20:05:36+00:00","og_image":[{"width":768,"height":432,"url":"https:\/\/interacaosustentavel.eco.br\/wp-content\/uploads\/2023\/09\/3-1.webp","type":"image\/webp"}],"twitter_card":"summary_large_image","schema":{"@context":"https:\/\/schema.org","@graph":[{"@type":"WebPage","@id":"https:\/\/interacaosustentavel.eco.br\/index.php\/educacao-ambiental-nao-formal\/","url":"https:\/\/interacaosustentavel.eco.br\/index.php\/educacao-ambiental-nao-formal\/","name":"Educa\u00e7\u00e3o Ambiental n\u00e3o-formal deve apresentar a\u00e7\u00f5es sustent\u00e1veis, envolvendo a participa\u00e7\u00e3o de cidad\u00e3os conscientes e respons\u00e1veis social e politicamente, engajados para a forma\u00e7\u00e3o de uma sociedade realmente democr\u00e1tica. () - Inter@\u00e7\u00e3o Sustent@vel","isPartOf":{"@id":"https:\/\/interacaosustentavel.eco.br\/#website"},"primaryImageOfPage":{"@id":"https:\/\/interacaosustentavel.eco.br\/index.php\/educacao-ambiental-nao-formal\/#primaryimage"},"image":{"@id":"https:\/\/interacaosustentavel.eco.br\/index.php\/educacao-ambiental-nao-formal\/#primaryimage"},"thumbnailUrl":"https:\/\/interacaosustentavel.eco.br\/wp-content\/uploads\/2023\/09\/3-1.webp","datePublished":"2023-09-05T14:53:20+00:00","dateModified":"2024-05-31T20:05:36+00:00","breadcrumb":{"@id":"https:\/\/interacaosustentavel.eco.br\/index.php\/educacao-ambiental-nao-formal\/#breadcrumb"},"inLanguage":"en-US","potentialAction":[{"@type":"ReadAction","target":["https:\/\/interacaosustentavel.eco.br\/index.php\/educacao-ambiental-nao-formal\/"]}]},{"@type":"ImageObject","inLanguage":"en-US","@id":"https:\/\/interacaosustentavel.eco.br\/index.php\/educacao-ambiental-nao-formal\/#primaryimage","url":"https:\/\/interacaosustentavel.eco.br\/wp-content\/uploads\/2023\/09\/3-1.webp","contentUrl":"https:\/\/interacaosustentavel.eco.br\/wp-content\/uploads\/2023\/09\/3-1.webp","width":768,"height":432},{"@type":"BreadcrumbList","@id":"https:\/\/interacaosustentavel.eco.br\/index.php\/educacao-ambiental-nao-formal\/#breadcrumb","itemListElement":[{"@type":"ListItem","position":1,"name":"In\u00edcio","item":"https:\/\/interacaosustentavel.eco.br\/"},{"@type":"ListItem","position":2,"name":"Educa\u00e7\u00e3o Ambiental n\u00e3o-formal deve apresentar a\u00e7\u00f5es sustent\u00e1veis, envolvendo a participa\u00e7\u00e3o de cidad\u00e3os conscientes e respons\u00e1veis social e politicamente, engajados para a forma\u00e7\u00e3o de uma sociedade realmente democr\u00e1tica. ()"}]},{"@type":"WebSite","@id":"https:\/\/interacaosustentavel.eco.br\/#website","url":"https:\/\/interacaosustentavel.eco.br\/","name":"INTERA\u00c7\u00c3O VIRTU@L SUSTENT@VEL","description":"*Jornalista respons\u00e1vel: Marcelo Henrique de Lima \u2013 MTB: n\u00ba 46.253.903\/02\/90","publisher":{"@id":"https:\/\/interacaosustentavel.eco.br\/#\/schema\/person\/f7a4cc97de177390c463972fe1e0c3f2"},"potentialAction":[{"@type":"SearchAction","target":{"@type":"EntryPoint","urlTemplate":"https:\/\/interacaosustentavel.eco.br\/?s={search_term_string}"},"query-input":{"@type":"PropertyValueSpecification","valueRequired":true,"valueName":"search_term_string"}}],"inLanguage":"en-US"},{"@type":["Person","Organization"],"@id":"https:\/\/interacaosustentavel.eco.br\/#\/schema\/person\/f7a4cc97de177390c463972fe1e0c3f2","name":"Marcelo Henrique de Lima","image":{"@type":"ImageObject","inLanguage":"en-US","@id":"https:\/\/interacaosustentavel.eco.br\/#\/schema\/person\/image\/","url":"https:\/\/interacaosustentavel.eco.br\/wp-content\/uploads\/2025\/09\/cropped-NOVO-LOGO.jpeg","contentUrl":"https:\/\/interacaosustentavel.eco.br\/wp-content\/uploads\/2025\/09\/cropped-NOVO-LOGO.jpeg","width":929,"height":927,"caption":"Marcelo Henrique de Lima"},"logo":{"@id":"https:\/\/interacaosustentavel.eco.br\/#\/schema\/person\/image\/"},"sameAs":["https:\/\/interacaosustentavel.eco.br"]}]}},"_hostinger_reach_plugin_has_subscription_block":false,"_hostinger_reach_plugin_is_elementor":false,"_links":{"self":[{"href":"https:\/\/interacaosustentavel.eco.br\/index.php\/wp-json\/wp\/v2\/pages\/250","targetHints":{"allow":["GET"]}}],"collection":[{"href":"https:\/\/interacaosustentavel.eco.br\/index.php\/wp-json\/wp\/v2\/pages"}],"about":[{"href":"https:\/\/interacaosustentavel.eco.br\/index.php\/wp-json\/wp\/v2\/types\/page"}],"author":[{"embeddable":true,"href":"https:\/\/interacaosustentavel.eco.br\/index.php\/wp-json\/wp\/v2\/users\/1"}],"replies":[{"embeddable":true,"href":"https:\/\/interacaosustentavel.eco.br\/index.php\/wp-json\/wp\/v2\/comments?post=250"}],"version-history":[{"count":4,"href":"https:\/\/interacaosustentavel.eco.br\/index.php\/wp-json\/wp\/v2\/pages\/250\/revisions"}],"predecessor-version":[{"id":1489,"href":"https:\/\/interacaosustentavel.eco.br\/index.php\/wp-json\/wp\/v2\/pages\/250\/revisions\/1489"}],"wp:featuredmedia":[{"embeddable":true,"href":"https:\/\/interacaosustentavel.eco.br\/index.php\/wp-json\/wp\/v2\/media\/473"}],"wp:attachment":[{"href":"https:\/\/interacaosustentavel.eco.br\/index.php\/wp-json\/wp\/v2\/media?parent=250"}],"curies":[{"name":"wp","href":"https:\/\/api.w.org\/{rel}","templated":true}]}}