{"id":333,"date":"2023-09-17T12:59:29","date_gmt":"2023-09-17T15:59:29","guid":{"rendered":"https:\/\/interacaosustentavel.eco.br\/?page_id=333"},"modified":"2023-12-14T09:26:48","modified_gmt":"2023-12-14T12:26:48","slug":"sites-de-interacao-sustentvel","status":"publish","type":"page","link":"https:\/\/interacaosustentavel.eco.br\/index.php\/sites-de-interacao-sustentvel\/","title":{"rendered":"Sites de Intera\u00e7\u00e3o Sustent@vel"},"content":{"rendered":"<h1 style=\"text-align: center;\"><strong>dicas de sites verdes que voc\u00ea deve acompanhar<\/strong><\/h1>\n<div class=\"clear\"><\/div>\n<article>\n<div class=\"picture-full\"><img decoding=\"async\" class=\"aligncenter\" title=\"Os melhores sites e blogs de meio ambiente que voc\u00ea deve acompanhar\" src=\"https:\/\/www.terraanalises.com\/doutor\/uploads\/2\/blog\/2021\/05\/capa-os-melhores-sites-e-blogs-de-meio-ambiente-que-voce-deve-acompanhar.jpg\" alt=\"Os melhores sites e blogs de meio ambiente que voc\u00ea deve acompanhar\" \/><\/div>\n<div class=\"htmlchars\">\n<p>\u00a0 \u00a0 \u00a0 \u00a0 \u00a0 As<span style=\"color: #000000;\"> trag\u00e9dias ambientais que aconteceram nos \u00faltimos anos, levaram a sociedade a se debater mais sobre as quest\u00f5es ligadas \u00e0 natureza.<\/span><\/p>\n<p><span style=\"color: #000000;\">\u00a0 \u00a0 \u00a0 \u00a0 \u00a0 Com o impulsionamento das redes sociais, o acesso \u00e0 informa\u00e7\u00e3o ficou mais f\u00e1cil, o que faz com que as pessoas aumentem a preocupa\u00e7\u00e3o e as exig\u00eancias de uma fiscaliza\u00e7\u00e3o mais ampla e constante. Automaticamente, faz com que seja apertado o cerco com as empresas, a qual s\u00e3o os grandes respons\u00e1veis por problemas ambientais em uma escala que pode afetar milhares de indiv\u00edduos diretamente e milh\u00f5es indiretamente. Mesmo que os impactos ambientais n\u00e3o atingem boa parte da popula\u00e7\u00e3o em curto prazo, as consequ\u00eancias em um longo prazo servem para todos, em n\u00edvel de pa\u00eds e at\u00e9 mundial.<\/span><\/p>\n<p><span style=\"color: #000000;\"><strong>Resumindo<\/strong>: a melhor forma de cobrar os respons\u00e1veis p\u00fablicos e privados \u00e9 se informar.<\/span><\/p>\n<p><span style=\"color: #000000;\">\u00a0 \u00a0 \u00a0 \u00a0 \u00a0 Pensando nesta ideia de espalhar conhecimento, separamos uma <strong>lista de sites sobre meio ambiente<\/strong>\u00a0para voc\u00ea ficar por dentro de tudo que acontece e o que pode fazer para contribuir.<\/span><\/p>\n<h2 style=\"text-align: center;\"><a title=\"link\" href=\"https:\/\/www.ecycle.com.br\/\" target=\"_blank\" rel=\"nofollow noopener\"><strong>eCycle<\/strong><\/a><\/h2>\n<p><span style=\"color: #000000;\">\u00a0 \u00a0 \u00a0 \u00a0 \u00a0 O eCycle \u00e9 uma das principais refer\u00eancias de <strong>portais sobre sustentabilidade e meio ambiente do Brasil<\/strong>. J\u00e1 foi eleito duas vezes como o melhor site no Pr\u00eamio Chico Mendes de Jornalismo Socioambiental 2015\/2016 e Pr\u00eamio Influenciadores Digitais 2018 na categoria \u201cMeio Ambiente e Sustentabilidade\u201d, promovido pelo CECOM \u2013 Centro de Estudos da Comunica\u00e7\u00e3o e pela plataforma Neg\u00f3cios da Comunica\u00e7\u00e3o.<\/span><\/p>\n<p><span style=\"color: #000000;\">Por meio de informa\u00e7\u00f5es de qualidade e atualizada, o portal estimula o indiv\u00edduo a uma rela\u00e7\u00e3o equilibrada com o outro e com o meio ambiente atrav\u00e9s de seu e-commerce com produtos sustent\u00e1veis.<\/span><\/p>\n<h2 style=\"text-align: center;\"><a title=\"link\" href=\"http:\/\/www.ambientebrasil.com.br\/\" target=\"_blank\" rel=\"nofollow noopener\"><strong>Ambiente Brasil<\/strong><\/a><\/h2>\n<p><span style=\"color: #000000;\">\u00a0 \u00a0 \u00a0 \u00a0 \u00a0 \u00c9 um dos <strong>sites de preserva\u00e7\u00e3o ambiental<\/strong>\u00a0mais antigos do pa\u00eds, criado em 1999. Seu intuito \u00e9 dar agilidade na busca de informa\u00e7\u00f5es e aumentar a capacidade cr\u00edtica das pessoas com rela\u00e7\u00e3o a sua responsabilidade ambiental.<strong>\u00a0<\/strong><\/span><\/p>\n<h2 style=\"text-align: center;\"><a title=\"link\" href=\"https:\/\/www.oeco.org.br\/\" target=\"_blank\" rel=\"nofollow noopener\"><strong>O eco<\/strong><\/a><\/h2>\n<p><span style=\"color: #000000;\">\u00a0 \u00a0 \u00a0 \u00a0 \u00a0 \u00c9 mais que um <strong>site de not\u00edcias sobre meio ambiente<\/strong>. \u00c9 um projeto criado pela ONG Associa\u00e7\u00e3o Eco, inaugurada em 2004.<\/span><\/p>\n<p><span style=\"color: #000000;\">\u00a0 \u00a0 \u00a0 \u00a0 \u00a0 Seus textos informativos s\u00e3o feitos por jornalistas independentes, conservacionistas, pesquisadores e profissionais espalhados pelo Brasil e \u00e9 um dos maiores sites da \u00e1rea do pa\u00eds com v\u00e1rias not\u00edcias, reportagens e colunas.<\/span><\/p>\n<h2 style=\"text-align: center;\"><a title=\"link\" href=\"https:\/\/www.pensamentoverde.com.br\/\" target=\"_blank\" rel=\"nofollow noopener\"><strong>Pensamento Verde<\/strong><\/a><\/h2>\n<p><span style=\"color: #000000;\">\u00a0 \u00a0 \u00a0 \u00a0 \u00a0 O <strong>portal sobre sustentabilidade ambiental<\/strong>\u00a0possui milhares de informa\u00e7\u00f5es como dicas verdes nas \u00e1reas de arquitetura e decora\u00e7\u00e3o, beleza, economia, ci\u00eancia, eventos e atualidades.<strong>\u00a0<\/strong><\/span><\/p>\n<h2 style=\"text-align: center;\"><a title=\"link\" href=\"https:\/\/vivoverde.com.br\/\" target=\"_blank\" rel=\"nofollow noopener\"><strong>Vivo Verde<\/strong><\/a><\/h2>\n<p><span style=\"color: #000000;\">\u00a0 \u00a0 \u00a0 \u00a0 \u00a0 O <strong>blog sobre meio ambiente<\/strong>\u00a0surgiu em 2008 pela goianiense Daiane Santana, que \u00e9 Engenheira Ambiental. Sua miss\u00e3o \u00e9 divulgar as quest\u00f5es ecol\u00f3gicas com a contribui\u00e7\u00e3o de v\u00e1rios autores.<strong>\u00a0<\/strong><\/span><\/p>\n<h2 style=\"text-align: center;\"><a title=\"link\" href=\"https:\/\/mundosustentavel.com.br\/\" target=\"_blank\" rel=\"nofollow noopener\"><strong>Mundo Sustent\u00e1vel<\/strong><\/a><\/h2>\n<p><span style=\"color: #000000;\">\u00a0 \u00a0 \u00a0 \u00a0 \u00a0 O <strong>portal sobre meio ambiente<\/strong>\u00a0foi criado pelo renomado jornalista p\u00f3s-graduado em Gest\u00e3o Ambiental para compartilhar not\u00edcias do meio, al\u00e9m de\u00a0<em>podcasts<\/em>\u00a0e livros. J\u00e1 ganhou v\u00e1rios pr\u00eamios importantes pelo Portal Comunique-se, CNT, ABRELPE, Petrobras e etc.<strong>\u00a0<\/strong><\/span><\/p>\n<h2 style=\"text-align: center;\"><a title=\"link\" href=\"https:\/\/tassoazevedo.blogspot.com\/\" target=\"_blank\" rel=\"nofollow noopener\"><strong>Blog do Tasso Azevedo<\/strong><\/a><\/h2>\n<p><span style=\"color: #000000;\">\u00a0 \u00a0 \u00a0 \u00a0 \u00a0 O <strong>blog de preserva\u00e7\u00e3o ambiental<\/strong>\u00a0criado pelo Engenheiro Ambiental de mesmo nome possui v\u00e1rias not\u00edcias e dados traduzidos pelo autor.<strong>\u00a0<\/strong><\/span><\/p>\n<h2 style=\"text-align: center;\"><a title=\"link\" href=\"http:\/\/revistaecologico.com.br\/revista\/\" target=\"_blank\" rel=\"nofollow noopener\"><strong>Revista Ecol\u00f3gico<\/strong><\/a><\/h2>\n<p><span style=\"color: #000000;\">\u00a0 \u00a0 \u00a0 \u00a0 \u00a0 Fundada em Belo Horizonte\/MG, o Grupo Ecol\u00f3gico \u00e9 detentor de uma revista com grande circula\u00e7\u00e3o, principalmente na regi\u00e3o Sudeste e o porta<\/span>l <a title=\"link\" href=\"http:\/\/souecologico.com\/\" target=\"_blank\" rel=\"nofollow noopener\">Sou Ecol\u00f3gico<\/a>\u00a0<span style=\"color: #000000;\">que possui conte\u00fados como colunas, sa\u00fade, inova\u00e7\u00e3o, inspira\u00e7\u00e3o e pol\u00edtica, todos voltados para a educa\u00e7\u00e3o ambiental.<\/span><\/p>\n<p><span style=\"color: #000000;\">\u00a0 \u00a0 \u00a0 \u00a0 \u00a0 O Grupo tamb\u00e9m \u00e9 detentora do \u201c<\/span><a title=\"link\" href=\"http:\/\/www.premiohugowerneck.com.br\/\" target=\"_blank\" rel=\"nofollow noopener\">Pr\u00eamio Hugo Werneck de Sustentabilidade e Amor \u00e0 Natureza<\/a><span style=\"color: #000000;\">\u201c, realizado a partir de 2010 que elege as melhores alternativas de prote\u00e7\u00e3o ao meio ambiente a n\u00edvel nacional.<strong>\u00a0<\/strong><\/span><\/p>\n<h2 style=\"text-align: center;\"><a title=\"link\" href=\"https:\/\/www.greenpeace.org\/brasil\/\" target=\"_blank\" rel=\"nofollow noopener\"><strong>Greenpace Brasil<\/strong><\/a><\/h2>\n<p><span style=\"color: #000000;\">\u00a0 \u00a0 \u00a0 \u00a0 \u00a0 A ONG internacional Greenpace \u00e9 uma das mais conhecidas do mundo.<\/span><\/p>\n<p><span style=\"color: #000000;\">Seu site possui informa\u00e7\u00f5es relevantes sobre as a\u00e7\u00f5es que chamam aten\u00e7\u00e3o sobre os impactos ambientais, bem como estudos realizados por eles e por terceiros.<\/span><\/p>\n<p>&nbsp;<\/p>\n<h2 style=\"text-align: center;\"><a title=\"link\" href=\"https:\/\/www.wwf.org.br\/\" target=\"_blank\" rel=\"nofollow noopener\"><strong>WWF Brasil<\/strong><\/a><\/h2>\n<p><span style=\"color: #000000;\">\u00a0 \u00a0 \u00a0 \u00a0 \u00a0 Assim como o anterior, o WWF defende a prote\u00e7\u00e3o ambiental. A p\u00e1gina eletr\u00f4nica tem como destaque iniciativas como a \u201cPegada Eletr\u00f4nica\u201d que calcula como o estilo de vida de cada um pode impactar o meio ambiente.<strong>\u00a0<\/strong><\/span><\/p>\n<h2 style=\"text-align: center;\"><a title=\"link\" href=\"https:\/\/www.sosma.org.br\/\" target=\"_blank\" rel=\"nofollow noopener\"><strong>SOS Mata Atl\u00e2ntica<\/strong><\/a><\/h2>\n<p><span style=\"color: #000000;\">\u00a0 \u00a0 \u00a0 \u00a0 \u00a0 A Organiza\u00e7\u00e3o N\u00e3o Governamental sem fins lucrativos brasileira apoia e realiza pesquisas, monitoramento e educa\u00e7\u00e3o ambiental. Al\u00e9m das causas, a p\u00e1gina na internet possui conte\u00fados da atua\u00e7\u00e3o do grupo, not\u00edcias e artigos \u00fateis para quem busca informa\u00e7\u00e3o ambiental.<strong>\u00a0<\/strong><\/span><\/p>\n<h2 style=\"text-align: center;\"><a title=\"link\" href=\"https:\/\/www.akatu.org.br\/\" target=\"_blank\" rel=\"nofollow noopener\"><strong>Instituto Akatu<\/strong><\/a><\/h2>\n<p><span style=\"color: #000000;\">\u00a0 \u00a0 \u00a0 \u00a0 \u00a0 O instituto, que foi criado no Dia Mundial do Consumidor (15 de mar\u00e7o de 2001), trabalha com foco no consumo consciente, de modo sustent\u00e1vel, ou seja, tenha o menor impacto poss\u00edvel.<\/span><\/p>\n<p><span style=\"color: #000000;\">\u00a0 \u00a0 \u00a0 \u00a0 \u00a0 O site possui um teste de consumo consciente, relat\u00f3rios e pesquisas voltados para produ\u00e7\u00e3o e consumo, turismo e economia, por exemplo.<strong>\u00a0<\/strong><\/span><\/p>\n<h2 style=\"text-align: center;\"><a title=\"link\" href=\"http:\/\/www.icmbio.gov.br\/portal\/\" target=\"_blank\" rel=\"nofollow noopener\"><strong>ICMBio<\/strong><\/a><\/h2>\n<p><span style=\"color: #000000;\">\u00a0 \u00a0 \u00a0 \u00a0 \u00a0 O Instituto Chico Mendes de Conserva\u00e7\u00e3o da Biodiversidade \u00e9 vinculado ao Minist\u00e9rio do Meio Ambiente e integrada ao Sistema Nacional do Meio Ambiente.<\/span><\/p>\n<p><span style=\"color: #000000;\">\u00a0 \u00a0 \u00a0 \u00a0 \u00a0 Em seu site web, possui informa\u00e7\u00f5es sobre as unidades de conserva\u00e7\u00e3o de todo Brasil, banco de imagens, v\u00eddeos e \u00e1udios sobre a biodiversidade brasileira, Centros de Pesquisa, atlas, relat\u00f3rios, legisla\u00e7\u00e3o, planos e publica\u00e7\u00f5es diversas.<\/span><\/p>\n<p>&nbsp;<\/p>\n<h2 style=\"text-align: center;\"><strong>Demais sites de not\u00edcias sobre meio ambiente e sustentabilidade:<\/strong><\/h2>\n<p><em><strong><span style=\"color: #000000;\">Destacamos tamb\u00e9m, as se\u00e7\u00f5es espec\u00edficas da \u00e1rea ambiente* em grandes portais do pa\u00eds:<\/span><\/strong><\/em><\/p>\n<ul>\n<li><a title=\"link\" href=\"https:\/\/exame.abril.com.br\/noticias-sobre\/meio-ambiente\/\" target=\"_blank\" rel=\"nofollow noopener\">Exame Meio Ambiente<\/a>,<\/li>\n<li><a title=\"link\" href=\"https:\/\/g1.globo.com\/natureza\/\" target=\"_blank\" rel=\"nofollow noopener\">G1 Natureza<\/a>,<\/li>\n<li><a title=\"link\" href=\"https:\/\/brasil.elpais.com\/tag\/medio_ambiente\" target=\"_blank\" rel=\"nofollow noopener\">El Pa\u00eds Meio Ambiente<\/a>,<\/li>\n<li><a title=\"link\" href=\"https:\/\/noticias.uol.com.br\/meio-ambiente\/noticias\/\" target=\"_blank\" rel=\"nofollow noopener\">Uol Meio Ambiente<\/a>,<\/li>\n<li><a title=\"link\" href=\"https:\/\/www.noticiasagricolas.com.br\/noticias\/meio-ambiente\/\" target=\"_blank\" rel=\"nofollow noopener\">Not\u00edcias Agr\u00edcolas<\/a>,<\/li>\n<li><a title=\"link\" href=\"https:\/\/www.terra.com.br\/noticias\/ciencia\/sustentabilidade\/meio-ambiente\/\" target=\"_blank\" rel=\"nofollow noopener\">Terra Sustentabilidade<\/a>,<\/li>\n<li><a title=\"link\" href=\"http:\/\/www.ebc.com.br\/noticias\/meio-ambiente\" target=\"_blank\" rel=\"nofollow noopener\">EBC Meio Ambiente<\/a><\/li>\n<li><a title=\"link\" href=\"https:\/\/www.bbc.com\/portuguese\/topics\/0f37fb35-7f9e-4e49-b189-9d7f1d6fb11f\" target=\"_blank\" rel=\"nofollow noopener\">BBC Meio Ambiente<\/a>.<\/li>\n<\/ul>\n<p><em><strong><span style=\"color: #000000;\">Se voc\u00ea gosta de sites internacionais sobre meio ambiente, os grandes portais recomendados s\u00e3o:<\/span><\/strong><\/em><\/p>\n<ul>\n<li><a title=\"link\" href=\"https:\/\/www.treehugger.com\/?reload=true\" target=\"_blank\" rel=\"nofollow noopener\">TheHugger<\/a>,<\/li>\n<li><a title=\"link\" href=\"http:\/\/www.ecogeek.org\/\" target=\"_blank\" rel=\"nofollow noopener\">EcoGeek<\/a>,<\/li>\n<li><a title=\"link\" href=\"https:\/\/grist.org\/\" target=\"_blank\" rel=\"nofollow noopener\">Grist<\/a>,<\/li>\n<li><a title=\"link\" href=\"https:\/\/dotearth.blogs.nytimes.com\/?_r=0\" target=\"_blank\" rel=\"nofollow noopener\">Dotearth<\/a><\/li>\n<li><a title=\"link\" href=\"http:\/\/www.elrst.com\/\" target=\"_blank\" rel=\"nofollow noopener\">Elrst<\/a>.<\/li>\n<\/ul>\n<p><span style=\"color: #000000;\">\u00a0 \u00a0 \u00a0 \u00a0 \u00a0 No site da Terra Consultoria e An\u00e1lises Ambientais voc\u00ea encontrar\u00e1 tamb\u00e9m v\u00e1rias dicas e informa\u00e7\u00f5es relacionadas ao mundo ambiental. Para receber as atualiza\u00e7\u00f5es em tempo real, basta assinar nossas newsletters.<\/span><\/p>\n<p><em>Por\u00a0<a title=\"link\" href=\"https:\/\/www.linkedin.com\/in\/rangelgfaria\" target=\"_blank\" rel=\"nofollow noopener\">Rangel Gomes<\/a><\/em><\/p>\n<p>Fonte: <a href=\"https:\/\/www.terraanalises.com\">https:\/\/www.terraanalises.com<\/a><br \/>\n<em>Imagem:\u00a0<a title=\"link\" href=\"https:\/\/pixabay.com\/pt\/\" target=\"_blank\" rel=\"nofollow noopener\">Pixabay<\/a><\/em><\/p>\n<\/div>\n<\/article>\n","protected":false},"excerpt":{"rendered":"<p>dicas de sites verdes que voc\u00ea deve acompanhar \u00a0 \u00a0 \u00a0 \u00a0 \u00a0 As trag\u00e9dias ambientais que aconteceram nos \u00faltimos anos, levaram a sociedade a [&hellip;]<\/p>\n","protected":false},"author":1,"featured_media":339,"parent":0,"menu_order":0,"comment_status":"closed","ping_status":"closed","template":"","meta":{"_bbp_topic_count":0,"_bbp_reply_count":0,"_bbp_total_topic_count":0,"_bbp_total_reply_count":0,"_bbp_voice_count":0,"_bbp_anonymous_reply_count":0,"_bbp_topic_count_hidden":0,"_bbp_reply_count_hidden":0,"_bbp_forum_subforum_count":0,"_crdt_document":"","_monsterinsights_skip_tracking":false,"_monsterinsights_sitenote_active":false,"_monsterinsights_sitenote_note":"","_monsterinsights_sitenote_category":0,"footnotes":""},"class_list":["post-333","page","type-page","status-publish","has-post-thumbnail","hentry"],"yoast_head":"<!-- This site is optimized with the Yoast SEO plugin v26.8 - https:\/\/yoast.com\/product\/yoast-seo-wordpress\/ -->\n<title>Sites de Intera\u00e7\u00e3o Sustent@vel - Inter@\u00e7\u00e3o Sustent@vel<\/title>\n<meta name=\"robots\" content=\"index, follow, max-snippet:-1, max-image-preview:large, max-video-preview:-1\" \/>\n<link rel=\"canonical\" href=\"https:\/\/interacaosustentavel.eco.br\/index.php\/sites-de-interacao-sustentvel\/\" class=\"yoast-seo-meta-tag\" \/>\n<meta property=\"og:locale\" content=\"en_US\" class=\"yoast-seo-meta-tag\" \/>\n<meta property=\"og:type\" content=\"article\" class=\"yoast-seo-meta-tag\" \/>\n<meta property=\"og:title\" content=\"Sites de Intera\u00e7\u00e3o Sustent@vel - Inter@\u00e7\u00e3o Sustent@vel\" class=\"yoast-seo-meta-tag\" \/>\n<meta property=\"og:description\" content=\"dicas de sites verdes que voc\u00ea deve acompanhar \u00a0 \u00a0 \u00a0 \u00a0 \u00a0 As trag\u00e9dias ambientais que aconteceram nos \u00faltimos anos, levaram a sociedade a [&hellip;]\" class=\"yoast-seo-meta-tag\" \/>\n<meta property=\"og:url\" content=\"https:\/\/interacaosustentavel.eco.br\/index.php\/sites-de-interacao-sustentvel\/\" class=\"yoast-seo-meta-tag\" \/>\n<meta property=\"og:site_name\" content=\"Inter@\u00e7\u00e3o Sustent@vel\" class=\"yoast-seo-meta-tag\" \/>\n<meta property=\"article:modified_time\" content=\"2023-12-14T12:26:48+00:00\" class=\"yoast-seo-meta-tag\" \/>\n<meta property=\"og:image\" content=\"https:\/\/interacaosustentavel.eco.br\/wp-content\/uploads\/2023\/09\/sites-de-sustentabilidade-jpg.webp\" class=\"yoast-seo-meta-tag\" \/>\n\t<meta property=\"og:image:width\" content=\"1000\" class=\"yoast-seo-meta-tag\" \/>\n\t<meta property=\"og:image:height\" content=\"667\" class=\"yoast-seo-meta-tag\" \/>\n\t<meta property=\"og:image:type\" content=\"image\/jpeg\" class=\"yoast-seo-meta-tag\" \/>\n<meta name=\"twitter:card\" content=\"summary_large_image\" class=\"yoast-seo-meta-tag\" \/>\n<meta name=\"twitter:label1\" content=\"Est. reading time\" class=\"yoast-seo-meta-tag\" \/>\n\t<meta name=\"twitter:data1\" content=\"5 minutes\" class=\"yoast-seo-meta-tag\" \/>\n<script type=\"application\/ld+json\" class=\"yoast-schema-graph\">{\"@context\":\"https:\/\/schema.org\",\"@graph\":[{\"@type\":\"WebPage\",\"@id\":\"https:\/\/interacaosustentavel.eco.br\/index.php\/sites-de-interacao-sustentvel\/\",\"url\":\"https:\/\/interacaosustentavel.eco.br\/index.php\/sites-de-interacao-sustentvel\/\",\"name\":\"Sites de Intera\u00e7\u00e3o Sustent@vel - Inter@\u00e7\u00e3o Sustent@vel\",\"isPartOf\":{\"@id\":\"https:\/\/interacaosustentavel.eco.br\/#website\"},\"primaryImageOfPage\":{\"@id\":\"https:\/\/interacaosustentavel.eco.br\/index.php\/sites-de-interacao-sustentvel\/#primaryimage\"},\"image\":{\"@id\":\"https:\/\/interacaosustentavel.eco.br\/index.php\/sites-de-interacao-sustentvel\/#primaryimage\"},\"thumbnailUrl\":\"https:\/\/interacaosustentavel.eco.br\/wp-content\/uploads\/2023\/09\/sites-de-sustentabilidade-jpg.webp\",\"datePublished\":\"2023-09-17T15:59:29+00:00\",\"dateModified\":\"2023-12-14T12:26:48+00:00\",\"breadcrumb\":{\"@id\":\"https:\/\/interacaosustentavel.eco.br\/index.php\/sites-de-interacao-sustentvel\/#breadcrumb\"},\"inLanguage\":\"en-US\",\"potentialAction\":[{\"@type\":\"ReadAction\",\"target\":[\"https:\/\/interacaosustentavel.eco.br\/index.php\/sites-de-interacao-sustentvel\/\"]}]},{\"@type\":\"ImageObject\",\"inLanguage\":\"en-US\",\"@id\":\"https:\/\/interacaosustentavel.eco.br\/index.php\/sites-de-interacao-sustentvel\/#primaryimage\",\"url\":\"https:\/\/interacaosustentavel.eco.br\/wp-content\/uploads\/2023\/09\/sites-de-sustentabilidade-jpg.webp\",\"contentUrl\":\"https:\/\/interacaosustentavel.eco.br\/wp-content\/uploads\/2023\/09\/sites-de-sustentabilidade-jpg.webp\",\"width\":1000,\"height\":667},{\"@type\":\"BreadcrumbList\",\"@id\":\"https:\/\/interacaosustentavel.eco.br\/index.php\/sites-de-interacao-sustentvel\/#breadcrumb\",\"itemListElement\":[{\"@type\":\"ListItem\",\"position\":1,\"name\":\"In\u00edcio\",\"item\":\"https:\/\/interacaosustentavel.eco.br\/\"},{\"@type\":\"ListItem\",\"position\":2,\"name\":\"Sites de Intera\u00e7\u00e3o Sustent@vel\"}]},{\"@type\":\"WebSite\",\"@id\":\"https:\/\/interacaosustentavel.eco.br\/#website\",\"url\":\"https:\/\/interacaosustentavel.eco.br\/\",\"name\":\"INTERA\u00c7\u00c3O VIRTU@L SUSTENT@VEL\",\"description\":\"*Jornalista respons\u00e1vel: Marcelo Henrique de Lima \u2013 MTB: n\u00ba 46.253.903\/02\/90\",\"publisher\":{\"@id\":\"https:\/\/interacaosustentavel.eco.br\/#\/schema\/person\/f7a4cc97de177390c463972fe1e0c3f2\"},\"potentialAction\":[{\"@type\":\"SearchAction\",\"target\":{\"@type\":\"EntryPoint\",\"urlTemplate\":\"https:\/\/interacaosustentavel.eco.br\/?s={search_term_string}\"},\"query-input\":{\"@type\":\"PropertyValueSpecification\",\"valueRequired\":true,\"valueName\":\"search_term_string\"}}],\"inLanguage\":\"en-US\"},{\"@type\":[\"Person\",\"Organization\"],\"@id\":\"https:\/\/interacaosustentavel.eco.br\/#\/schema\/person\/f7a4cc97de177390c463972fe1e0c3f2\",\"name\":\"Marcelo Henrique de Lima\",\"image\":{\"@type\":\"ImageObject\",\"inLanguage\":\"en-US\",\"@id\":\"https:\/\/interacaosustentavel.eco.br\/#\/schema\/person\/image\/\",\"url\":\"https:\/\/interacaosustentavel.eco.br\/wp-content\/uploads\/2025\/09\/cropped-NOVO-LOGO.jpeg\",\"contentUrl\":\"https:\/\/interacaosustentavel.eco.br\/wp-content\/uploads\/2025\/09\/cropped-NOVO-LOGO.jpeg\",\"width\":929,\"height\":927,\"caption\":\"Marcelo Henrique de Lima\"},\"logo\":{\"@id\":\"https:\/\/interacaosustentavel.eco.br\/#\/schema\/person\/image\/\"},\"sameAs\":[\"https:\/\/interacaosustentavel.eco.br\"]}]}<\/script>\n<!-- \/ Yoast SEO plugin. -->","yoast_head_json":{"title":"Sites de Intera\u00e7\u00e3o Sustent@vel - Inter@\u00e7\u00e3o Sustent@vel","robots":{"index":"index","follow":"follow","max-snippet":"max-snippet:-1","max-image-preview":"max-image-preview:large","max-video-preview":"max-video-preview:-1"},"canonical":"https:\/\/interacaosustentavel.eco.br\/index.php\/sites-de-interacao-sustentvel\/","og_locale":"en_US","og_type":"article","og_title":"Sites de Intera\u00e7\u00e3o Sustent@vel - Inter@\u00e7\u00e3o Sustent@vel","og_description":"dicas de sites verdes que voc\u00ea deve acompanhar \u00a0 \u00a0 \u00a0 \u00a0 \u00a0 As trag\u00e9dias ambientais que aconteceram nos \u00faltimos anos, levaram a sociedade a [&hellip;]","og_url":"https:\/\/interacaosustentavel.eco.br\/index.php\/sites-de-interacao-sustentvel\/","og_site_name":"Inter@\u00e7\u00e3o Sustent@vel","article_modified_time":"2023-12-14T12:26:48+00:00","og_image":[{"width":1000,"height":667,"url":"https:\/\/interacaosustentavel.eco.br\/wp-content\/uploads\/2023\/09\/sites-de-sustentabilidade-jpg.webp","type":"image\/jpeg"}],"twitter_card":"summary_large_image","twitter_misc":{"Est. reading time":"5 minutes"},"schema":{"@context":"https:\/\/schema.org","@graph":[{"@type":"WebPage","@id":"https:\/\/interacaosustentavel.eco.br\/index.php\/sites-de-interacao-sustentvel\/","url":"https:\/\/interacaosustentavel.eco.br\/index.php\/sites-de-interacao-sustentvel\/","name":"Sites de Intera\u00e7\u00e3o Sustent@vel - Inter@\u00e7\u00e3o Sustent@vel","isPartOf":{"@id":"https:\/\/interacaosustentavel.eco.br\/#website"},"primaryImageOfPage":{"@id":"https:\/\/interacaosustentavel.eco.br\/index.php\/sites-de-interacao-sustentvel\/#primaryimage"},"image":{"@id":"https:\/\/interacaosustentavel.eco.br\/index.php\/sites-de-interacao-sustentvel\/#primaryimage"},"thumbnailUrl":"https:\/\/interacaosustentavel.eco.br\/wp-content\/uploads\/2023\/09\/sites-de-sustentabilidade-jpg.webp","datePublished":"2023-09-17T15:59:29+00:00","dateModified":"2023-12-14T12:26:48+00:00","breadcrumb":{"@id":"https:\/\/interacaosustentavel.eco.br\/index.php\/sites-de-interacao-sustentvel\/#breadcrumb"},"inLanguage":"en-US","potentialAction":[{"@type":"ReadAction","target":["https:\/\/interacaosustentavel.eco.br\/index.php\/sites-de-interacao-sustentvel\/"]}]},{"@type":"ImageObject","inLanguage":"en-US","@id":"https:\/\/interacaosustentavel.eco.br\/index.php\/sites-de-interacao-sustentvel\/#primaryimage","url":"https:\/\/interacaosustentavel.eco.br\/wp-content\/uploads\/2023\/09\/sites-de-sustentabilidade-jpg.webp","contentUrl":"https:\/\/interacaosustentavel.eco.br\/wp-content\/uploads\/2023\/09\/sites-de-sustentabilidade-jpg.webp","width":1000,"height":667},{"@type":"BreadcrumbList","@id":"https:\/\/interacaosustentavel.eco.br\/index.php\/sites-de-interacao-sustentvel\/#breadcrumb","itemListElement":[{"@type":"ListItem","position":1,"name":"In\u00edcio","item":"https:\/\/interacaosustentavel.eco.br\/"},{"@type":"ListItem","position":2,"name":"Sites de Intera\u00e7\u00e3o Sustent@vel"}]},{"@type":"WebSite","@id":"https:\/\/interacaosustentavel.eco.br\/#website","url":"https:\/\/interacaosustentavel.eco.br\/","name":"INTERA\u00c7\u00c3O VIRTU@L SUSTENT@VEL","description":"*Jornalista respons\u00e1vel: Marcelo Henrique de Lima \u2013 MTB: n\u00ba 46.253.903\/02\/90","publisher":{"@id":"https:\/\/interacaosustentavel.eco.br\/#\/schema\/person\/f7a4cc97de177390c463972fe1e0c3f2"},"potentialAction":[{"@type":"SearchAction","target":{"@type":"EntryPoint","urlTemplate":"https:\/\/interacaosustentavel.eco.br\/?s={search_term_string}"},"query-input":{"@type":"PropertyValueSpecification","valueRequired":true,"valueName":"search_term_string"}}],"inLanguage":"en-US"},{"@type":["Person","Organization"],"@id":"https:\/\/interacaosustentavel.eco.br\/#\/schema\/person\/f7a4cc97de177390c463972fe1e0c3f2","name":"Marcelo Henrique de Lima","image":{"@type":"ImageObject","inLanguage":"en-US","@id":"https:\/\/interacaosustentavel.eco.br\/#\/schema\/person\/image\/","url":"https:\/\/interacaosustentavel.eco.br\/wp-content\/uploads\/2025\/09\/cropped-NOVO-LOGO.jpeg","contentUrl":"https:\/\/interacaosustentavel.eco.br\/wp-content\/uploads\/2025\/09\/cropped-NOVO-LOGO.jpeg","width":929,"height":927,"caption":"Marcelo Henrique de Lima"},"logo":{"@id":"https:\/\/interacaosustentavel.eco.br\/#\/schema\/person\/image\/"},"sameAs":["https:\/\/interacaosustentavel.eco.br"]}]}},"_hostinger_reach_plugin_has_subscription_block":false,"_hostinger_reach_plugin_is_elementor":false,"_links":{"self":[{"href":"https:\/\/interacaosustentavel.eco.br\/index.php\/wp-json\/wp\/v2\/pages\/333","targetHints":{"allow":["GET"]}}],"collection":[{"href":"https:\/\/interacaosustentavel.eco.br\/index.php\/wp-json\/wp\/v2\/pages"}],"about":[{"href":"https:\/\/interacaosustentavel.eco.br\/index.php\/wp-json\/wp\/v2\/types\/page"}],"author":[{"embeddable":true,"href":"https:\/\/interacaosustentavel.eco.br\/index.php\/wp-json\/wp\/v2\/users\/1"}],"replies":[{"embeddable":true,"href":"https:\/\/interacaosustentavel.eco.br\/index.php\/wp-json\/wp\/v2\/comments?post=333"}],"version-history":[{"count":13,"href":"https:\/\/interacaosustentavel.eco.br\/index.php\/wp-json\/wp\/v2\/pages\/333\/revisions"}],"predecessor-version":[{"id":813,"href":"https:\/\/interacaosustentavel.eco.br\/index.php\/wp-json\/wp\/v2\/pages\/333\/revisions\/813"}],"wp:featuredmedia":[{"embeddable":true,"href":"https:\/\/interacaosustentavel.eco.br\/index.php\/wp-json\/wp\/v2\/media\/339"}],"wp:attachment":[{"href":"https:\/\/interacaosustentavel.eco.br\/index.php\/wp-json\/wp\/v2\/media?parent=333"}],"curies":[{"name":"wp","href":"https:\/\/api.w.org\/{rel}","templated":true}]}}