{"id":464,"date":"2023-09-30T16:02:38","date_gmt":"2023-09-30T19:02:38","guid":{"rendered":"https:\/\/interacaosustentavel.eco.br\/?page_id=464"},"modified":"2024-09-14T17:42:20","modified_gmt":"2024-09-14T20:42:20","slug":"mae-ntureza","status":"publish","type":"page","link":"https:\/\/interacaosustentavel.eco.br\/index.php\/mae-ntureza\/","title":{"rendered":"Cuidar da &#8216;M\u00e3e N@tureza&#8217; \u00e9 preservar a vida no planeta."},"content":{"rendered":"<p class=\"post__item__internal__body__description__abstract\"><span style=\"color: #000000;\">\u00a0 \u00a0 \u00a0 \u00a0 \u00a0 Cuidar do meio ambiente significa conserv\u00e1-lo por meio do desenvolvimento sustent\u00e1vel, que utiliza recursos naturais sem prejudicar a nossa ou as futuras gera\u00e7\u00f5es.<\/span><\/p>\n<div class=\"post__item__internal__body__description\">\n<div class=\"post_internal_text\">\n<div class=\"post__item__internal__body__image\"><span style=\"color: #000000;\"><img loading=\"lazy\" decoding=\"async\" title=\"Cuidar do meio ambiente \u00e9 cuidar da Terra\" src=\"https:\/\/static.escolakids.uol.com.br\/conteudo_legenda\/26159d4ef1c4278ea185212f825a7421.jpg\" alt=\"Cuidar do meio ambiente \u00e9 cuidar da Terra\" width=\"300\" height=\"200\" \/><em>Cuidar do meio ambiente \u00e9 cuidar da Terra<\/em><\/span><\/div>\n<div>\n<p><span style=\"color: #000000;\">\u00a0 \u00a0 \u00a0 \u00a0 \u00a0 Meio ambiente, segundo o dicion\u00e1rio M\u00edni Aur\u00e9lio, significa o conjunto de condi\u00e7\u00f5es e influ\u00eancias naturais que cercam um ser vivo ou uma comunidade, e que agem sobre ele(s). Assim, o meio ambiente envolve n\u00e3o somente plantas, animais e paisagens bonitos; mas todos os seres vivos e os ambientes em que eles vivem.<\/span><\/p>\n<p><span style=\"color: #000000;\">\u00a0 \u00a0 \u00a0 \u00a0 \u00a0 Considerando o que foi dito, e sabendo da rela\u00e7\u00e3o existente entre todos os seres vivos e n\u00e3o vivos, \u00e9 importante respeitar o meio ambiente.<\/span><\/p>\n<h3><span style=\"color: #000000;\"><strong>Algumas dicas:<\/strong><\/span><\/h3>\n<p><span style=\"color: #000000;\">\u00a0 \u00a0 \u00a0&#8211; Evitar o consumo exagerado, ou seja: n\u00e3o usar ou desperdi\u00e7ar aquilo que n\u00e3o \u00e9 necess\u00e1rio. Em primeiro lugar, porque tudo o que consumimos, de forma direta ou indireta, vem de recursos da natureza, e alguns n\u00e3o se renovam. Em segundo lugar, porque o consumo produz lixo e, como sabemos, alguns materiais demoram para se decompor.<\/span><\/p>\n<p><span style=\"color: #000000;\">\u00a0 \u00a0 \u00a0 &#8211; Mais s\u00e9rio ainda \u00e9 o desperd\u00edcio de alimentos, jogados fora ao mesmo tempo em que in\u00fameras pessoas morrem de fome. Tal tipo de lixo forma uma subst\u00e2ncia l\u00edquida chamada chorume, que pode penetrar na \u00e1gua subterr\u00e2nea, contaminando-a. Al\u00e9m disso, por se tratar de restos de comida, esse material atrai animais que podem provocar doen\u00e7as, como ratos e baratas. Considerando que muitas pessoas t\u00eam contato direto com o lixo, o resultado n\u00e3o \u00e9 nada legal.<\/span><\/p>\n<p><span style=\"color: #000000;\"><img loading=\"lazy\" decoding=\"async\" class=\"lozad aligncenter\" src=\"https:\/\/static.escolakids.uol.com.br\/image\/meio%20ambiente2.jpg\" alt=\"\" width=\"306\" height=\"206\" data-src=\"https:\/\/static.escolakids.uol.com.br\/image\/meio%20ambiente2.jpg\" data-loaded=\"true\" \/><\/span><br \/>\n<span style=\"color: #000000;\">\u00a0 \u00a0 \u00a0 &#8211; Evitar o desperd\u00edcio \u00e9 uma forma de cuidar do meio ambiente.<\/span><\/p>\n<p><span style=\"color: #000000;\">\u00a0 \u00a0 \u00a0 &#8211; Desligar o chuveiro enquanto ensaboa o corpo, e a torneira da pia enquanto escova os dentes; e apagar a luz ao sair de um c\u00f4modo; tamb\u00e9m s\u00e3o excelentes atitudes.<\/span><\/p>\n<p><span style=\"color: #000000;\">\u00a0 &#8211; Reaproveitar materiais. Isso porque, como foi dito, tudo o que consumimos utiliza recursos da natureza. Assim, ao inv\u00e9s de comprar algo novo, reutilizando o que temos, estamos poupando o meio ambiente.<\/span><\/p>\n<ul>\n<li><span style=\"color: #000000;\">Voc\u00ea enjoou daquele brinquedo que ainda est\u00e1 em boas condi\u00e7\u00f5es de uso? Que tal trocar com seu colega, por outro, ao inv\u00e9s de comprar algo novo? Quanto ao papel de desenho, n\u00e3o seria bacana utilizar os dois lados da folha, antes de pegar uma nova?<\/span><\/li>\n<\/ul>\n<p><span style=\"color: #000000;\"><img loading=\"lazy\" decoding=\"async\" class=\"lozad aligncenter\" src=\"https:\/\/static.escolakids.uol.com.br\/image\/meio%20ambiente3.jpg\" alt=\"\" width=\"307\" height=\"206\" data-src=\"https:\/\/static.escolakids.uol.com.br\/image\/meio%20ambiente3.jpg\" data-loaded=\"true\" \/><\/span><br \/>\n<span style=\"color: #000000;\">\u00a0 \u00a0 \u00a0Reaproveitar \u00e9 outra forma de cuidar do meio ambiente.<\/span><\/p>\n<p><span style=\"color: #000000;\">\u00a0 \u00a0 \u00a0&#8211; Direcionar o lixo de forma correta. Voc\u00ea j\u00e1 viu o quanto fica feio o local em que estamos, quando ele est\u00e1 cheio de lixo? Pois \u00e9, al\u00e9m de atrapalhar o visual, o lixo lan\u00e7ado em lugar incorreto pode provocar diversos problemas, al\u00e9m dos que foram apontados no item anterior: o entupimento de bueiros, por exemplo. Tal fato faz com que, durante as chuvas, a \u00e1gua n\u00e3o escoe direito. O resultado? Inunda\u00e7\u00f5es, transbordamento de rios (inclusive os polu\u00eddos), doen\u00e7as, etc.<\/span><\/p>\n<p><span style=\"color: #000000;\">\u00a0 \u00a0 \u00a0&#8211; Depois de considerar isso tudo, reciclar. Reciclar \u00e9 um gesto muito legal que uma pessoa pode fazer pelo meio ambiente. No entanto, para reciclar materiais, as ind\u00fastrias tamb\u00e9m precisam de muita mat\u00e9ria-prima da natureza. Assim sendo, \u00e9 importante, primeiramente, evitar o consumo exagerado e o desperd\u00edcio e reaproveitar o que podemos para, depois, considerar a reciclagem.<\/span><\/p>\n<p><span style=\"color: #000000;\">\u00a0 \u00a0 \u00a0Para que um material seja reciclado, \u00e9 bom que ele seja separado em local adequado. Na sua casa, por exemplo, voc\u00ea pode reservar um cantinho para separar o papel; e reaproveitar uma caixa de papel\u00e3o para separar os outros materiais recicl\u00e1veis, como pl\u00e1stico, vidro e alum\u00ednio (lavados, para impedir a prolifera\u00e7\u00e3o de animais transmissores de doen\u00e7as).<\/span><\/p>\n<p><span style=\"color: #000000;\">\u00a0 \u00a0 \u00a0Depois disso, tais materiais podem ser doados a um catador, alguma institui\u00e7\u00e3o beneficente ou, caso sua cidade tenha, ao servi\u00e7o de reciclagem local. Entregar para catadores \u00e9 uma alternativa legal porque permite que tais pessoas deixem de trabalhar nos lix\u00f5es, tendo uma vida um pouco mais digna, j\u00e1 que n\u00e3o estar\u00e3o mais expostas a um grande n\u00famero de doen\u00e7as e possibilidades de acidentes.<\/span><\/p>\n<h2><strong><span style=\"color: #000000;\">Curiosidade:<\/span><\/strong><\/h2>\n<p><span style=\"color: #000000;\">Voc\u00ea sabia que\u00a0<strong>conserva\u00e7\u00e3o\u00a0<\/strong>e\u00a0<strong>preserva\u00e7\u00e3o\u00a0<\/strong>s\u00e3o express\u00f5es diferentes?<\/span><\/p>\n<p><span style=\"color: #000000;\">&#8211; Preservar significa deixar um local intoc\u00e1vel, sem muitas altera\u00e7\u00f5es.<\/span><\/p>\n<p><span style=\"color: #000000;\">&#8211; Conservar significa utilizar o que temos, mas de forma racional, dando tempo para a natureza se recompor.<\/span><\/p>\n<p><span style=\"color: #000000;\">Cuidar do meio ambiente, tal como conversamos neste texto, est\u00e1 mais relacionado a conservar. Isso porque, como falamos, o consumo requer o uso da natureza e, desta forma, n\u00e3o h\u00e1 como deix\u00e1-la intoc\u00e1vel.<\/span><\/p>\n<p><span style=\"color: #000000;\">Nesse contexto, surgiu uma express\u00e3o: desenvolvimento sustent\u00e1vel, que significa a utiliza\u00e7\u00e3o dos recursos naturais sem comprometer quem vive hoje, nem as pr\u00f3ximas gera\u00e7\u00f5es de seres vivos que habitar\u00e3o nosso planeta Terra.<\/span><\/p>\n<p><span style=\"color: #000000;\">Por Mariana Araguaia<\/span><br \/>\n<span style=\"color: #000000;\">Bi\u00f3loga, especialista em Educa\u00e7\u00e3o Ambiental<\/span><br \/>\n<span style=\"color: #000000;\">Equipe Escola Kids<br \/>\nFonte: escolakids.uol.com.br<\/span><\/p>\n<\/div>\n<h5 class=\"post__item__internal__body__description__author\"><span style=\"color: #000000;\">Por\u00a0Escola Kids<\/span><\/h5>\n<\/div>\n<\/div>\n","protected":false},"excerpt":{"rendered":"<p>\u00a0 \u00a0 \u00a0 \u00a0 \u00a0 Cuidar do meio ambiente significa conserv\u00e1-lo por meio do desenvolvimento sustent\u00e1vel, que utiliza recursos naturais sem prejudicar a nossa ou [&hellip;]<\/p>\n","protected":false},"author":1,"featured_media":477,"parent":0,"menu_order":0,"comment_status":"closed","ping_status":"closed","template":"","meta":{"_bbp_topic_count":0,"_bbp_reply_count":0,"_bbp_total_topic_count":0,"_bbp_total_reply_count":0,"_bbp_voice_count":0,"_bbp_anonymous_reply_count":0,"_bbp_topic_count_hidden":0,"_bbp_reply_count_hidden":0,"_bbp_forum_subforum_count":0,"_crdt_document":"","_monsterinsights_skip_tracking":false,"_monsterinsights_sitenote_active":false,"_monsterinsights_sitenote_note":"","_monsterinsights_sitenote_category":0,"footnotes":""},"class_list":["post-464","page","type-page","status-publish","has-post-thumbnail","hentry"],"yoast_head":"<!-- This site is optimized with the Yoast SEO plugin v26.8 - https:\/\/yoast.com\/product\/yoast-seo-wordpress\/ -->\n<title>Cuidar da &#039;M\u00e3e N@tureza&#039; \u00e9 preservar a vida no planeta. - Inter@\u00e7\u00e3o Sustent@vel<\/title>\n<meta name=\"robots\" content=\"index, follow, max-snippet:-1, max-image-preview:large, max-video-preview:-1\" \/>\n<link rel=\"canonical\" href=\"https:\/\/interacaosustentavel.eco.br\/index.php\/mae-ntureza\/\" class=\"yoast-seo-meta-tag\" \/>\n<meta property=\"og:locale\" content=\"en_US\" class=\"yoast-seo-meta-tag\" \/>\n<meta property=\"og:type\" content=\"article\" class=\"yoast-seo-meta-tag\" \/>\n<meta property=\"og:title\" content=\"Cuidar da &#039;M\u00e3e N@tureza&#039; \u00e9 preservar a vida no planeta. - Inter@\u00e7\u00e3o Sustent@vel\" class=\"yoast-seo-meta-tag\" \/>\n<meta property=\"og:description\" content=\"\u00a0 \u00a0 \u00a0 \u00a0 \u00a0 Cuidar do meio ambiente significa conserv\u00e1-lo por meio do desenvolvimento sustent\u00e1vel, que utiliza recursos naturais sem prejudicar a nossa ou [&hellip;]\" class=\"yoast-seo-meta-tag\" \/>\n<meta property=\"og:url\" content=\"https:\/\/interacaosustentavel.eco.br\/index.php\/mae-ntureza\/\" class=\"yoast-seo-meta-tag\" \/>\n<meta property=\"og:site_name\" content=\"Inter@\u00e7\u00e3o Sustent@vel\" class=\"yoast-seo-meta-tag\" \/>\n<meta property=\"article:modified_time\" content=\"2024-09-14T20:42:20+00:00\" class=\"yoast-seo-meta-tag\" \/>\n<meta property=\"og:image\" content=\"https:\/\/interacaosustentavel.eco.br\/wp-content\/uploads\/2023\/09\/7-jpg.webp\" class=\"yoast-seo-meta-tag\" \/>\n\t<meta property=\"og:image:width\" content=\"978\" class=\"yoast-seo-meta-tag\" \/>\n\t<meta property=\"og:image:height\" content=\"475\" class=\"yoast-seo-meta-tag\" \/>\n\t<meta property=\"og:image:type\" content=\"image\/jpeg\" class=\"yoast-seo-meta-tag\" \/>\n<meta name=\"twitter:card\" content=\"summary_large_image\" class=\"yoast-seo-meta-tag\" \/>\n<meta name=\"twitter:label1\" content=\"Est. reading time\" class=\"yoast-seo-meta-tag\" \/>\n\t<meta name=\"twitter:data1\" content=\"4 minutes\" class=\"yoast-seo-meta-tag\" \/>\n<script type=\"application\/ld+json\" class=\"yoast-schema-graph\">{\"@context\":\"https:\/\/schema.org\",\"@graph\":[{\"@type\":\"WebPage\",\"@id\":\"https:\/\/interacaosustentavel.eco.br\/index.php\/mae-ntureza\/\",\"url\":\"https:\/\/interacaosustentavel.eco.br\/index.php\/mae-ntureza\/\",\"name\":\"Cuidar da 'M\u00e3e N@tureza' \u00e9 preservar a vida no planeta. - Inter@\u00e7\u00e3o Sustent@vel\",\"isPartOf\":{\"@id\":\"https:\/\/interacaosustentavel.eco.br\/#website\"},\"primaryImageOfPage\":{\"@id\":\"https:\/\/interacaosustentavel.eco.br\/index.php\/mae-ntureza\/#primaryimage\"},\"image\":{\"@id\":\"https:\/\/interacaosustentavel.eco.br\/index.php\/mae-ntureza\/#primaryimage\"},\"thumbnailUrl\":\"https:\/\/interacaosustentavel.eco.br\/wp-content\/uploads\/2023\/09\/7-jpg.webp\",\"datePublished\":\"2023-09-30T19:02:38+00:00\",\"dateModified\":\"2024-09-14T20:42:20+00:00\",\"breadcrumb\":{\"@id\":\"https:\/\/interacaosustentavel.eco.br\/index.php\/mae-ntureza\/#breadcrumb\"},\"inLanguage\":\"en-US\",\"potentialAction\":[{\"@type\":\"ReadAction\",\"target\":[\"https:\/\/interacaosustentavel.eco.br\/index.php\/mae-ntureza\/\"]}]},{\"@type\":\"ImageObject\",\"inLanguage\":\"en-US\",\"@id\":\"https:\/\/interacaosustentavel.eco.br\/index.php\/mae-ntureza\/#primaryimage\",\"url\":\"https:\/\/interacaosustentavel.eco.br\/wp-content\/uploads\/2023\/09\/7-jpg.webp\",\"contentUrl\":\"https:\/\/interacaosustentavel.eco.br\/wp-content\/uploads\/2023\/09\/7-jpg.webp\",\"width\":978,\"height\":475},{\"@type\":\"BreadcrumbList\",\"@id\":\"https:\/\/interacaosustentavel.eco.br\/index.php\/mae-ntureza\/#breadcrumb\",\"itemListElement\":[{\"@type\":\"ListItem\",\"position\":1,\"name\":\"In\u00edcio\",\"item\":\"https:\/\/interacaosustentavel.eco.br\/\"},{\"@type\":\"ListItem\",\"position\":2,\"name\":\"Cuidar da &#8216;M\u00e3e N@tureza&#8217; \u00e9 preservar a vida no planeta.\"}]},{\"@type\":\"WebSite\",\"@id\":\"https:\/\/interacaosustentavel.eco.br\/#website\",\"url\":\"https:\/\/interacaosustentavel.eco.br\/\",\"name\":\"INTERA\u00c7\u00c3O VIRTU@L SUSTENT@VEL\",\"description\":\"*Jornalista respons\u00e1vel: Marcelo Henrique de Lima \u2013 MTB: n\u00ba 46.253.903\/02\/90\",\"publisher\":{\"@id\":\"https:\/\/interacaosustentavel.eco.br\/#\/schema\/person\/f7a4cc97de177390c463972fe1e0c3f2\"},\"potentialAction\":[{\"@type\":\"SearchAction\",\"target\":{\"@type\":\"EntryPoint\",\"urlTemplate\":\"https:\/\/interacaosustentavel.eco.br\/?s={search_term_string}\"},\"query-input\":{\"@type\":\"PropertyValueSpecification\",\"valueRequired\":true,\"valueName\":\"search_term_string\"}}],\"inLanguage\":\"en-US\"},{\"@type\":[\"Person\",\"Organization\"],\"@id\":\"https:\/\/interacaosustentavel.eco.br\/#\/schema\/person\/f7a4cc97de177390c463972fe1e0c3f2\",\"name\":\"Marcelo Henrique de Lima\",\"image\":{\"@type\":\"ImageObject\",\"inLanguage\":\"en-US\",\"@id\":\"https:\/\/interacaosustentavel.eco.br\/#\/schema\/person\/image\/\",\"url\":\"https:\/\/interacaosustentavel.eco.br\/wp-content\/uploads\/2025\/09\/cropped-NOVO-LOGO.jpeg\",\"contentUrl\":\"https:\/\/interacaosustentavel.eco.br\/wp-content\/uploads\/2025\/09\/cropped-NOVO-LOGO.jpeg\",\"width\":929,\"height\":927,\"caption\":\"Marcelo Henrique de Lima\"},\"logo\":{\"@id\":\"https:\/\/interacaosustentavel.eco.br\/#\/schema\/person\/image\/\"},\"sameAs\":[\"https:\/\/interacaosustentavel.eco.br\"]}]}<\/script>\n<!-- \/ Yoast SEO plugin. -->","yoast_head_json":{"title":"Cuidar da 'M\u00e3e N@tureza' \u00e9 preservar a vida no planeta. - Inter@\u00e7\u00e3o Sustent@vel","robots":{"index":"index","follow":"follow","max-snippet":"max-snippet:-1","max-image-preview":"max-image-preview:large","max-video-preview":"max-video-preview:-1"},"canonical":"https:\/\/interacaosustentavel.eco.br\/index.php\/mae-ntureza\/","og_locale":"en_US","og_type":"article","og_title":"Cuidar da 'M\u00e3e N@tureza' \u00e9 preservar a vida no planeta. - Inter@\u00e7\u00e3o Sustent@vel","og_description":"\u00a0 \u00a0 \u00a0 \u00a0 \u00a0 Cuidar do meio ambiente significa conserv\u00e1-lo por meio do desenvolvimento sustent\u00e1vel, que utiliza recursos naturais sem prejudicar a nossa ou [&hellip;]","og_url":"https:\/\/interacaosustentavel.eco.br\/index.php\/mae-ntureza\/","og_site_name":"Inter@\u00e7\u00e3o Sustent@vel","article_modified_time":"2024-09-14T20:42:20+00:00","og_image":[{"width":978,"height":475,"url":"https:\/\/interacaosustentavel.eco.br\/wp-content\/uploads\/2023\/09\/7-jpg.webp","type":"image\/jpeg"}],"twitter_card":"summary_large_image","twitter_misc":{"Est. reading time":"4 minutes"},"schema":{"@context":"https:\/\/schema.org","@graph":[{"@type":"WebPage","@id":"https:\/\/interacaosustentavel.eco.br\/index.php\/mae-ntureza\/","url":"https:\/\/interacaosustentavel.eco.br\/index.php\/mae-ntureza\/","name":"Cuidar da 'M\u00e3e N@tureza' \u00e9 preservar a vida no planeta. - Inter@\u00e7\u00e3o Sustent@vel","isPartOf":{"@id":"https:\/\/interacaosustentavel.eco.br\/#website"},"primaryImageOfPage":{"@id":"https:\/\/interacaosustentavel.eco.br\/index.php\/mae-ntureza\/#primaryimage"},"image":{"@id":"https:\/\/interacaosustentavel.eco.br\/index.php\/mae-ntureza\/#primaryimage"},"thumbnailUrl":"https:\/\/interacaosustentavel.eco.br\/wp-content\/uploads\/2023\/09\/7-jpg.webp","datePublished":"2023-09-30T19:02:38+00:00","dateModified":"2024-09-14T20:42:20+00:00","breadcrumb":{"@id":"https:\/\/interacaosustentavel.eco.br\/index.php\/mae-ntureza\/#breadcrumb"},"inLanguage":"en-US","potentialAction":[{"@type":"ReadAction","target":["https:\/\/interacaosustentavel.eco.br\/index.php\/mae-ntureza\/"]}]},{"@type":"ImageObject","inLanguage":"en-US","@id":"https:\/\/interacaosustentavel.eco.br\/index.php\/mae-ntureza\/#primaryimage","url":"https:\/\/interacaosustentavel.eco.br\/wp-content\/uploads\/2023\/09\/7-jpg.webp","contentUrl":"https:\/\/interacaosustentavel.eco.br\/wp-content\/uploads\/2023\/09\/7-jpg.webp","width":978,"height":475},{"@type":"BreadcrumbList","@id":"https:\/\/interacaosustentavel.eco.br\/index.php\/mae-ntureza\/#breadcrumb","itemListElement":[{"@type":"ListItem","position":1,"name":"In\u00edcio","item":"https:\/\/interacaosustentavel.eco.br\/"},{"@type":"ListItem","position":2,"name":"Cuidar da &#8216;M\u00e3e N@tureza&#8217; \u00e9 preservar a vida no planeta."}]},{"@type":"WebSite","@id":"https:\/\/interacaosustentavel.eco.br\/#website","url":"https:\/\/interacaosustentavel.eco.br\/","name":"INTERA\u00c7\u00c3O VIRTU@L SUSTENT@VEL","description":"*Jornalista respons\u00e1vel: Marcelo Henrique de Lima \u2013 MTB: n\u00ba 46.253.903\/02\/90","publisher":{"@id":"https:\/\/interacaosustentavel.eco.br\/#\/schema\/person\/f7a4cc97de177390c463972fe1e0c3f2"},"potentialAction":[{"@type":"SearchAction","target":{"@type":"EntryPoint","urlTemplate":"https:\/\/interacaosustentavel.eco.br\/?s={search_term_string}"},"query-input":{"@type":"PropertyValueSpecification","valueRequired":true,"valueName":"search_term_string"}}],"inLanguage":"en-US"},{"@type":["Person","Organization"],"@id":"https:\/\/interacaosustentavel.eco.br\/#\/schema\/person\/f7a4cc97de177390c463972fe1e0c3f2","name":"Marcelo Henrique de Lima","image":{"@type":"ImageObject","inLanguage":"en-US","@id":"https:\/\/interacaosustentavel.eco.br\/#\/schema\/person\/image\/","url":"https:\/\/interacaosustentavel.eco.br\/wp-content\/uploads\/2025\/09\/cropped-NOVO-LOGO.jpeg","contentUrl":"https:\/\/interacaosustentavel.eco.br\/wp-content\/uploads\/2025\/09\/cropped-NOVO-LOGO.jpeg","width":929,"height":927,"caption":"Marcelo Henrique de Lima"},"logo":{"@id":"https:\/\/interacaosustentavel.eco.br\/#\/schema\/person\/image\/"},"sameAs":["https:\/\/interacaosustentavel.eco.br"]}]}},"_hostinger_reach_plugin_has_subscription_block":false,"_hostinger_reach_plugin_is_elementor":false,"_links":{"self":[{"href":"https:\/\/interacaosustentavel.eco.br\/index.php\/wp-json\/wp\/v2\/pages\/464","targetHints":{"allow":["GET"]}}],"collection":[{"href":"https:\/\/interacaosustentavel.eco.br\/index.php\/wp-json\/wp\/v2\/pages"}],"about":[{"href":"https:\/\/interacaosustentavel.eco.br\/index.php\/wp-json\/wp\/v2\/types\/page"}],"author":[{"embeddable":true,"href":"https:\/\/interacaosustentavel.eco.br\/index.php\/wp-json\/wp\/v2\/users\/1"}],"replies":[{"embeddable":true,"href":"https:\/\/interacaosustentavel.eco.br\/index.php\/wp-json\/wp\/v2\/comments?post=464"}],"version-history":[{"count":4,"href":"https:\/\/interacaosustentavel.eco.br\/index.php\/wp-json\/wp\/v2\/pages\/464\/revisions"}],"predecessor-version":[{"id":514,"href":"https:\/\/interacaosustentavel.eco.br\/index.php\/wp-json\/wp\/v2\/pages\/464\/revisions\/514"}],"wp:featuredmedia":[{"embeddable":true,"href":"https:\/\/interacaosustentavel.eco.br\/index.php\/wp-json\/wp\/v2\/media\/477"}],"wp:attachment":[{"href":"https:\/\/interacaosustentavel.eco.br\/index.php\/wp-json\/wp\/v2\/media?parent=464"}],"curies":[{"name":"wp","href":"https:\/\/api.w.org\/{rel}","templated":true}]}}