{"id":727,"date":"2023-11-04T10:42:29","date_gmt":"2023-11-04T13:42:29","guid":{"rendered":"https:\/\/interacaosustentavel.eco.br\/?page_id=727"},"modified":"2023-11-04T10:42:29","modified_gmt":"2023-11-04T13:42:29","slug":"filantropia-no-unicef-seja-parte-de-uma-sociedade-solidaria","status":"publish","type":"page","link":"https:\/\/interacaosustentavel.eco.br\/index.php\/filantropia-no-unicef-seja-parte-de-uma-sociedade-solidaria\/","title":{"rendered":"Filantropia no UNICEF: seja parte de uma sociedade solid\u00e1ria"},"content":{"rendered":"<h1 class=\"h1\" style=\"text-align: center;\"><strong>filantropia significa amor \u00e0 humanidade e \u00e9 uma a\u00e7\u00e3o de benef\u00edcio m\u00fatuo para todas as partes<\/strong><\/h1>\n<div class=\"top-content-cntr has-hero image\">\n<div class=\"top-title container standard-top-title\">\n<div class=\"title-data-cntr\">\n<div class=\"sub-info\"><\/div>\n<\/div>\n<\/div>\n<div class=\"hero hero-default\">\n<div class=\"hero-image\">\n<div class=\"field node field_page_hero  odd-t entity_reference_revisions\">\n<div class=\"hero--page paragraph paragraph--type--component-hero-standard paragraph--view-mode--default\">\n<div class=\"field paragraph field_component_hero_stnd_img  odd-t entity_reference\">\n<div class=\"view-hero field field--name-field-component-media field--type-entity-reference field--label-hidden field--item\">\n<div class=\"field media image  odd-t\">\n<div class=\"\"><img loading=\"lazy\" decoding=\"async\" class=\"b-lazy  b-loaded alignnone\" src=\"https:\/\/www.unicef.org\/brazil\/sites\/unicef.org.brazil\/files\/styles\/hero_extended\/public\/header-pagina-filantropia-getty-images.png?itok=ykX4L4Yg\" alt=\"Foto mostra v\u00e1rias m\u00e3os unidas.\" width=\"1920\" height=\"1280\" \/><\/div>\n<\/div>\n<div class=\"img-cc-cntr content-full-grid\"><span class=\"note m-credit grey-lighter grey-lighter field_media_img_credit\">Getty Image<\/span><\/div>\n<div><\/div>\n<\/div>\n<\/div>\n<\/div>\n<\/div>\n<\/div>\n<\/div>\n<\/div>\n<div class=\"main-content-cntr selectric-small\">\n<div class=\"container-content\">\n<div class=\"field node field_page_content_blocks  section-cntr odd-t entity_reference_revisions\">\n<div class=\"white-bg\">\n<section class=\"section section--block component-section \" role=\"contentinfo\" aria-label=\"\">\n<div class=\"container\">\n<div class=\"field paragraph field_component_sec_blocks  odd-t entity_reference_revisions\">\n<div class=\"field_component_sec_blocks-item odd\">\n<div class=\"text--block-content section-block-content\">\n<div class=\"comp-txt\">\n<div class=\"field paragraph field_component_text_content  odd-t text_long\">\n<p>\u00a0 \u00a0 \u00a0 \u00a0 \u00a0 O ano de 2020 nos mostrou o valor da empatia para com o pr\u00f3ximo. A pandemia ressaltou as desigualdades que afetam, principalmente, a vida de crian\u00e7as, adolescentes e fam\u00edlias vulner\u00e1veis.<\/p>\n<p>Mudan\u00e7as globais nos convidaram a refletir sobre a import\u00e2ncia da filantropia. \u00c9 inquestion\u00e1vel como atos de amor \u00e0 humanidade refletem sobre o equil\u00edbrio social,\u00a0<em>performance<\/em>\u00a0das empresas e dos investimentos e, especialmente, sobre o legado que deixamos para o mundo e para as crian\u00e7as.<\/p>\n<p>Doa\u00e7\u00f5es significativas s\u00e3o cruciais para o nosso trabalho por aqueles que mais precisam: elas nos permitem atuar para que as crian\u00e7as em vulnerabilidade do Pa\u00eds e em todo o mundo sejam impactadas por mudan\u00e7as duradouras.<\/p>\n<p>Algumas d\u00favidas podem surgir para os interessados em filantropia:\u00a0<em>Como eu garanto que terei impacto por meio da minha doa\u00e7\u00e3o? Quanto eu devo alocar? Preciso ter uma funda\u00e7\u00e3o? Meus esfor\u00e7os ser\u00e3o dedut\u00edveis em impostos? Como posso doar para outros pa\u00edses? Por onde eu come\u00e7o?<\/em><\/p>\n<p>Com alta capilaridade no Brasil e alcance global, focado na otimiza\u00e7\u00e3o da aplica\u00e7\u00e3o de recursos, o UNICEF posiciona-se como uma organiza\u00e7\u00e3o de alta efici\u00eancia para trabalhar com filantropos e buscar por respostas a essas perguntas.<\/p>\n<h3><strong>Sendo um filantropo com o UNICEF, voc\u00ea ter\u00e1:<\/strong><\/h3>\n<ul>\n<li>Flexibilidade na escolha do destino da doa\u00e7\u00e3o, para um projeto\/iniciativa espec\u00edfico e personalizado ou para uma \u00e1rea program\u00e1tica mais ampla;<\/li>\n<li>Personaliza\u00e7\u00e3o da visibilidade da doa\u00e7\u00e3o (expressiva, intimista, alinhada com outras iniciativas filantr\u00f3picas e de responsabilidade social);<\/li>\n<li>Oportunidade de participar de eventos e iniciativas exclusivas, como o UNICEF International Council;<\/li>\n<li>Relat\u00f3rios regulares, inclusive do impacto da doa\u00e7\u00e3o;<\/li>\n<li>Oportunidade de se conectar com outros filantropos, diretamente com benefici\u00e1rios e com atores locais e globais da rede do UNICEF;<\/li>\n<li>Multiplica\u00e7\u00e3o de uma doa\u00e7\u00e3o por meio da aplica\u00e7\u00e3o da\u00a0<em>expertise<\/em>\u00a0t\u00e9cnica do UNICEF e amplia\u00e7\u00e3o do trabalho com parceiros locais e organiza\u00e7\u00f5es de base comunit\u00e1ria;<\/li>\n<li>Oportunidade de envolver as crian\u00e7as e toda a fam\u00edlia em atos filantr\u00f3picos; e<\/li>\n<li>Apoio dedicado e cuidado personalizado pelo time de filantropia do UNICEF local.<\/li>\n<\/ul>\n<h3><strong>Por que praticar a sua filantropia com o UNICEF?<\/strong><\/h3>\n<ul>\n<li>Somos a organiza\u00e7\u00e3o l\u00edder mundial na \u00e1rea da inf\u00e2ncia, que atua em mais 190 pa\u00edses;<\/li>\n<li>Temos 70 anos de experi\u00eancia no Brasil em proporcionar mudan\u00e7as duradouras e em responder aos desafios em evolu\u00e7\u00e3o que as crian\u00e7as enfrentam em todo o mundo;<\/li>\n<li>Somos o maior comprador individual de vacinas do mundo, adquirindo, em nome de quase 100 pa\u00edses, mais de 2 bilh\u00f5es de doses de vacinas anualmente para imuniza\u00e7\u00e3o de rotina e resposta a surtos;<\/li>\n<li>Trabalhamos com comunidades e governos para combater as causas profundas, bem como os sintomas de problemas que afetam diretamente as crian\u00e7as;<\/li>\n<li>O UNICEF estar\u00e1 onde quer que uma emerg\u00eancia humanit\u00e1ria aconte\u00e7a, permitindo-nos responder dentro de, no m\u00e1ximo, 48 horas;<\/li>\n<li>Oferecemos solu\u00e7\u00f5es sustent\u00e1veis de longo prazo, como esta\u00e7\u00f5es de lavagens de m\u00e3os. Assim como, atendemos \u00e0s necessidades imediatas das crian\u00e7as, como sach\u00eas de micronutrientes e kits de higiene;<\/li>\n<li>Temos a maior rede de distribui\u00e7\u00e3o do mundo \u2013 isso nos permite ter economia de custos e entregar rapidamente suprimentos essenciais onde quer que sejam necess\u00e1rios, por terra, mar ou ar; e<\/li>\n<li>Ajudamos a desenvolver solu\u00e7\u00f5es simples, acess\u00edveis e inovadoras para problemas complicados.<\/li>\n<\/ul>\n<p>No UNICEF, temos orgulho de construir rela\u00e7\u00f5es duradouras, dial\u00f3gicas e de benef\u00edcio m\u00fatuo com nossos parceiros. Globalmente, fam\u00edlias como Ryan, Gates e Mittal s\u00e3o grandes filantropas do UNICEF h\u00e1 alguns anos e, nacionalmente, algumas fam\u00edlias e indiv\u00edduos j\u00e1 t\u00eam atuado com o UNICEF no Brasil, exercendo sua filantropia em privacidade ou publicamente.<\/p>\n<p>Nossos parceiros filantr\u00f3picos investem em diferentes setores, sempre atentos \u00e0s demandas correntes e \u00e0s a\u00e7\u00f5es que possam ter impactos a longo prazo. As doa\u00e7\u00f5es se direcionam \u00e0s iniciativas do UNICEF para viabilizar acesso a \u00e1gua e saneamento, mitigar a viol\u00eancia e o abuso sexual infantil, promover o acesso \u00e0 educa\u00e7\u00e3o e \u00e0 conectividade, al\u00e9m responder a contextos emergenciais.<\/p>\n<\/div>\n<\/div>\n<\/div>\n<\/div>\n<div class=\"field_component_sec_blocks-item even\">\n<blockquote class=\"text\"><p><em>\u201cEu estava buscando uma forma de ajudar as pessoas em Manaus, em seus piores momentos vividos durante a pandemia da Covid-19. Conhecendo muito bem a efetividade do UNICEF, decidi fazer uma contribui\u00e7\u00e3o espec\u00edfica para essa emerg\u00eancia. As trocas com o UNICEF deixaram-me muito contente por ter contribu\u00eddo, de alguma forma, neste doloroso momento.\u201d\u00a0<\/em><a href=\"https:\/\/br.linkedin.com\/in\/flavio-luz\">Fl\u00e1vio Maia Luz<\/a><\/p><\/blockquote>\n<\/div>\n<div class=\"field_component_sec_blocks-item odd\">\n<div class=\"text--block-content section-block-content\">\n<div class=\"comp-txt\">\n<div class=\"field paragraph field_component_text_content  odd-t text_long\">\n<p>\u00a0 \u00a0 \u00a0 \u00a0 \u00a0 Realizamos eventos globais e regionais abertos para potenciais parceiros e filantropos, que tamb\u00e9m apoiam com\u00a0<em>feedbacks<\/em>\u00a0e sugest\u00f5es sobre nossas a\u00e7\u00f5es a n\u00edvel nacional. A \u00e1rea de filantropia tamb\u00e9m engaja grupos de doadores com interesses e causas em comum (<a href=\"https:\/\/institutoalicerceedu.org.br\/conheca-o-giving-circle-neste-dia-de-doar\/\"><em>giving circles<\/em>)<\/a>\u00a0e geramos conhecimento sobre o setor filantr\u00f3pico.<\/p>\n<p>A filantropia \u00e9 um a\u00e7\u00e3o transformadora e, no UNICEF, trabalhamos com nossos doadores para identificar as melhores formas de fazer concretamente a diferen\u00e7a na vida de crian\u00e7as e fam\u00edlias que mais precisam.<\/p>\n<\/div>\n<\/div>\n<\/div>\n<\/div>\n<\/div>\n<\/div>\n<\/section>\n<\/div>\n<\/div>\n<\/div>\n<\/div>\n","protected":false},"excerpt":{"rendered":"<p>filantropia significa amor \u00e0 humanidade e \u00e9 uma a\u00e7\u00e3o de benef\u00edcio m\u00fatuo para todas as partes Getty Image \u00a0 \u00a0 \u00a0 \u00a0 \u00a0 O ano [&hellip;]<\/p>\n","protected":false},"author":1,"featured_media":413,"parent":0,"menu_order":0,"comment_status":"closed","ping_status":"closed","template":"","meta":{"_bbp_topic_count":0,"_bbp_reply_count":0,"_bbp_total_topic_count":0,"_bbp_total_reply_count":0,"_bbp_voice_count":0,"_bbp_anonymous_reply_count":0,"_bbp_topic_count_hidden":0,"_bbp_reply_count_hidden":0,"_bbp_forum_subforum_count":0,"_crdt_document":"","_monsterinsights_skip_tracking":false,"_monsterinsights_sitenote_active":false,"_monsterinsights_sitenote_note":"","_monsterinsights_sitenote_category":0,"footnotes":""},"class_list":["post-727","page","type-page","status-publish","has-post-thumbnail","hentry"],"yoast_head":"<!-- This site is optimized with the Yoast SEO plugin v26.8 - https:\/\/yoast.com\/product\/yoast-seo-wordpress\/ -->\n<title>Filantropia no UNICEF: seja parte de uma sociedade solid\u00e1ria - Inter@\u00e7\u00e3o Sustent@vel<\/title>\n<meta name=\"robots\" content=\"index, follow, max-snippet:-1, max-image-preview:large, max-video-preview:-1\" \/>\n<link rel=\"canonical\" href=\"https:\/\/interacaosustentavel.eco.br\/index.php\/filantropia-no-unicef-seja-parte-de-uma-sociedade-solidaria\/\" class=\"yoast-seo-meta-tag\" \/>\n<meta property=\"og:locale\" content=\"en_US\" class=\"yoast-seo-meta-tag\" \/>\n<meta property=\"og:type\" content=\"article\" class=\"yoast-seo-meta-tag\" \/>\n<meta property=\"og:title\" content=\"Filantropia no UNICEF: seja parte de uma sociedade solid\u00e1ria - Inter@\u00e7\u00e3o Sustent@vel\" class=\"yoast-seo-meta-tag\" \/>\n<meta property=\"og:description\" content=\"filantropia significa amor \u00e0 humanidade e \u00e9 uma a\u00e7\u00e3o de benef\u00edcio m\u00fatuo para todas as partes Getty Image \u00a0 \u00a0 \u00a0 \u00a0 \u00a0 O ano [&hellip;]\" class=\"yoast-seo-meta-tag\" \/>\n<meta property=\"og:url\" content=\"https:\/\/interacaosustentavel.eco.br\/index.php\/filantropia-no-unicef-seja-parte-de-uma-sociedade-solidaria\/\" class=\"yoast-seo-meta-tag\" \/>\n<meta property=\"og:site_name\" content=\"Inter@\u00e7\u00e3o Sustent@vel\" class=\"yoast-seo-meta-tag\" \/>\n<meta property=\"og:image\" content=\"https:\/\/interacaosustentavel.eco.br\/wp-content\/uploads\/2023\/09\/043-jpg.webp\" class=\"yoast-seo-meta-tag\" \/>\n\t<meta property=\"og:image:width\" content=\"1200\" class=\"yoast-seo-meta-tag\" \/>\n\t<meta property=\"og:image:height\" content=\"650\" class=\"yoast-seo-meta-tag\" \/>\n\t<meta property=\"og:image:type\" content=\"image\/jpeg\" class=\"yoast-seo-meta-tag\" \/>\n<meta name=\"twitter:card\" content=\"summary_large_image\" class=\"yoast-seo-meta-tag\" \/>\n<meta name=\"twitter:label1\" content=\"Est. reading time\" class=\"yoast-seo-meta-tag\" \/>\n\t<meta name=\"twitter:data1\" content=\"4 minutes\" class=\"yoast-seo-meta-tag\" \/>\n<script type=\"application\/ld+json\" class=\"yoast-schema-graph\">{\"@context\":\"https:\/\/schema.org\",\"@graph\":[{\"@type\":\"WebPage\",\"@id\":\"https:\/\/interacaosustentavel.eco.br\/index.php\/filantropia-no-unicef-seja-parte-de-uma-sociedade-solidaria\/\",\"url\":\"https:\/\/interacaosustentavel.eco.br\/index.php\/filantropia-no-unicef-seja-parte-de-uma-sociedade-solidaria\/\",\"name\":\"Filantropia no UNICEF: seja parte de uma sociedade solid\u00e1ria - Inter@\u00e7\u00e3o Sustent@vel\",\"isPartOf\":{\"@id\":\"https:\/\/interacaosustentavel.eco.br\/#website\"},\"primaryImageOfPage\":{\"@id\":\"https:\/\/interacaosustentavel.eco.br\/index.php\/filantropia-no-unicef-seja-parte-de-uma-sociedade-solidaria\/#primaryimage\"},\"image\":{\"@id\":\"https:\/\/interacaosustentavel.eco.br\/index.php\/filantropia-no-unicef-seja-parte-de-uma-sociedade-solidaria\/#primaryimage\"},\"thumbnailUrl\":\"https:\/\/interacaosustentavel.eco.br\/wp-content\/uploads\/2023\/09\/043-jpg.webp\",\"datePublished\":\"2023-11-04T13:42:29+00:00\",\"breadcrumb\":{\"@id\":\"https:\/\/interacaosustentavel.eco.br\/index.php\/filantropia-no-unicef-seja-parte-de-uma-sociedade-solidaria\/#breadcrumb\"},\"inLanguage\":\"en-US\",\"potentialAction\":[{\"@type\":\"ReadAction\",\"target\":[\"https:\/\/interacaosustentavel.eco.br\/index.php\/filantropia-no-unicef-seja-parte-de-uma-sociedade-solidaria\/\"]}]},{\"@type\":\"ImageObject\",\"inLanguage\":\"en-US\",\"@id\":\"https:\/\/interacaosustentavel.eco.br\/index.php\/filantropia-no-unicef-seja-parte-de-uma-sociedade-solidaria\/#primaryimage\",\"url\":\"https:\/\/interacaosustentavel.eco.br\/wp-content\/uploads\/2023\/09\/043-jpg.webp\",\"contentUrl\":\"https:\/\/interacaosustentavel.eco.br\/wp-content\/uploads\/2023\/09\/043-jpg.webp\",\"width\":1200,\"height\":650},{\"@type\":\"BreadcrumbList\",\"@id\":\"https:\/\/interacaosustentavel.eco.br\/index.php\/filantropia-no-unicef-seja-parte-de-uma-sociedade-solidaria\/#breadcrumb\",\"itemListElement\":[{\"@type\":\"ListItem\",\"position\":1,\"name\":\"In\u00edcio\",\"item\":\"https:\/\/interacaosustentavel.eco.br\/\"},{\"@type\":\"ListItem\",\"position\":2,\"name\":\"Filantropia no UNICEF: seja parte de uma sociedade solid\u00e1ria\"}]},{\"@type\":\"WebSite\",\"@id\":\"https:\/\/interacaosustentavel.eco.br\/#website\",\"url\":\"https:\/\/interacaosustentavel.eco.br\/\",\"name\":\"INTERA\u00c7\u00c3O VIRTU@L SUSTENT@VEL\",\"description\":\"*Jornalista respons\u00e1vel: Marcelo Henrique de Lima \u2013 MTB: n\u00ba 46.253.903\/02\/90\",\"publisher\":{\"@id\":\"https:\/\/interacaosustentavel.eco.br\/#\/schema\/person\/f7a4cc97de177390c463972fe1e0c3f2\"},\"potentialAction\":[{\"@type\":\"SearchAction\",\"target\":{\"@type\":\"EntryPoint\",\"urlTemplate\":\"https:\/\/interacaosustentavel.eco.br\/?s={search_term_string}\"},\"query-input\":{\"@type\":\"PropertyValueSpecification\",\"valueRequired\":true,\"valueName\":\"search_term_string\"}}],\"inLanguage\":\"en-US\"},{\"@type\":[\"Person\",\"Organization\"],\"@id\":\"https:\/\/interacaosustentavel.eco.br\/#\/schema\/person\/f7a4cc97de177390c463972fe1e0c3f2\",\"name\":\"Marcelo Henrique de Lima\",\"image\":{\"@type\":\"ImageObject\",\"inLanguage\":\"en-US\",\"@id\":\"https:\/\/interacaosustentavel.eco.br\/#\/schema\/person\/image\/\",\"url\":\"https:\/\/interacaosustentavel.eco.br\/wp-content\/uploads\/2025\/09\/cropped-NOVO-LOGO.jpeg\",\"contentUrl\":\"https:\/\/interacaosustentavel.eco.br\/wp-content\/uploads\/2025\/09\/cropped-NOVO-LOGO.jpeg\",\"width\":929,\"height\":927,\"caption\":\"Marcelo Henrique de Lima\"},\"logo\":{\"@id\":\"https:\/\/interacaosustentavel.eco.br\/#\/schema\/person\/image\/\"},\"sameAs\":[\"https:\/\/interacaosustentavel.eco.br\"]}]}<\/script>\n<!-- \/ Yoast SEO plugin. -->","yoast_head_json":{"title":"Filantropia no UNICEF: seja parte de uma sociedade solid\u00e1ria - Inter@\u00e7\u00e3o Sustent@vel","robots":{"index":"index","follow":"follow","max-snippet":"max-snippet:-1","max-image-preview":"max-image-preview:large","max-video-preview":"max-video-preview:-1"},"canonical":"https:\/\/interacaosustentavel.eco.br\/index.php\/filantropia-no-unicef-seja-parte-de-uma-sociedade-solidaria\/","og_locale":"en_US","og_type":"article","og_title":"Filantropia no UNICEF: seja parte de uma sociedade solid\u00e1ria - Inter@\u00e7\u00e3o Sustent@vel","og_description":"filantropia significa amor \u00e0 humanidade e \u00e9 uma a\u00e7\u00e3o de benef\u00edcio m\u00fatuo para todas as partes Getty Image \u00a0 \u00a0 \u00a0 \u00a0 \u00a0 O ano [&hellip;]","og_url":"https:\/\/interacaosustentavel.eco.br\/index.php\/filantropia-no-unicef-seja-parte-de-uma-sociedade-solidaria\/","og_site_name":"Inter@\u00e7\u00e3o Sustent@vel","og_image":[{"width":1200,"height":650,"url":"https:\/\/interacaosustentavel.eco.br\/wp-content\/uploads\/2023\/09\/043-jpg.webp","type":"image\/jpeg"}],"twitter_card":"summary_large_image","twitter_misc":{"Est. reading time":"4 minutes"},"schema":{"@context":"https:\/\/schema.org","@graph":[{"@type":"WebPage","@id":"https:\/\/interacaosustentavel.eco.br\/index.php\/filantropia-no-unicef-seja-parte-de-uma-sociedade-solidaria\/","url":"https:\/\/interacaosustentavel.eco.br\/index.php\/filantropia-no-unicef-seja-parte-de-uma-sociedade-solidaria\/","name":"Filantropia no UNICEF: seja parte de uma sociedade solid\u00e1ria - Inter@\u00e7\u00e3o Sustent@vel","isPartOf":{"@id":"https:\/\/interacaosustentavel.eco.br\/#website"},"primaryImageOfPage":{"@id":"https:\/\/interacaosustentavel.eco.br\/index.php\/filantropia-no-unicef-seja-parte-de-uma-sociedade-solidaria\/#primaryimage"},"image":{"@id":"https:\/\/interacaosustentavel.eco.br\/index.php\/filantropia-no-unicef-seja-parte-de-uma-sociedade-solidaria\/#primaryimage"},"thumbnailUrl":"https:\/\/interacaosustentavel.eco.br\/wp-content\/uploads\/2023\/09\/043-jpg.webp","datePublished":"2023-11-04T13:42:29+00:00","breadcrumb":{"@id":"https:\/\/interacaosustentavel.eco.br\/index.php\/filantropia-no-unicef-seja-parte-de-uma-sociedade-solidaria\/#breadcrumb"},"inLanguage":"en-US","potentialAction":[{"@type":"ReadAction","target":["https:\/\/interacaosustentavel.eco.br\/index.php\/filantropia-no-unicef-seja-parte-de-uma-sociedade-solidaria\/"]}]},{"@type":"ImageObject","inLanguage":"en-US","@id":"https:\/\/interacaosustentavel.eco.br\/index.php\/filantropia-no-unicef-seja-parte-de-uma-sociedade-solidaria\/#primaryimage","url":"https:\/\/interacaosustentavel.eco.br\/wp-content\/uploads\/2023\/09\/043-jpg.webp","contentUrl":"https:\/\/interacaosustentavel.eco.br\/wp-content\/uploads\/2023\/09\/043-jpg.webp","width":1200,"height":650},{"@type":"BreadcrumbList","@id":"https:\/\/interacaosustentavel.eco.br\/index.php\/filantropia-no-unicef-seja-parte-de-uma-sociedade-solidaria\/#breadcrumb","itemListElement":[{"@type":"ListItem","position":1,"name":"In\u00edcio","item":"https:\/\/interacaosustentavel.eco.br\/"},{"@type":"ListItem","position":2,"name":"Filantropia no UNICEF: seja parte de uma sociedade solid\u00e1ria"}]},{"@type":"WebSite","@id":"https:\/\/interacaosustentavel.eco.br\/#website","url":"https:\/\/interacaosustentavel.eco.br\/","name":"INTERA\u00c7\u00c3O VIRTU@L SUSTENT@VEL","description":"*Jornalista respons\u00e1vel: Marcelo Henrique de Lima \u2013 MTB: n\u00ba 46.253.903\/02\/90","publisher":{"@id":"https:\/\/interacaosustentavel.eco.br\/#\/schema\/person\/f7a4cc97de177390c463972fe1e0c3f2"},"potentialAction":[{"@type":"SearchAction","target":{"@type":"EntryPoint","urlTemplate":"https:\/\/interacaosustentavel.eco.br\/?s={search_term_string}"},"query-input":{"@type":"PropertyValueSpecification","valueRequired":true,"valueName":"search_term_string"}}],"inLanguage":"en-US"},{"@type":["Person","Organization"],"@id":"https:\/\/interacaosustentavel.eco.br\/#\/schema\/person\/f7a4cc97de177390c463972fe1e0c3f2","name":"Marcelo Henrique de Lima","image":{"@type":"ImageObject","inLanguage":"en-US","@id":"https:\/\/interacaosustentavel.eco.br\/#\/schema\/person\/image\/","url":"https:\/\/interacaosustentavel.eco.br\/wp-content\/uploads\/2025\/09\/cropped-NOVO-LOGO.jpeg","contentUrl":"https:\/\/interacaosustentavel.eco.br\/wp-content\/uploads\/2025\/09\/cropped-NOVO-LOGO.jpeg","width":929,"height":927,"caption":"Marcelo Henrique de Lima"},"logo":{"@id":"https:\/\/interacaosustentavel.eco.br\/#\/schema\/person\/image\/"},"sameAs":["https:\/\/interacaosustentavel.eco.br"]}]}},"_hostinger_reach_plugin_has_subscription_block":false,"_hostinger_reach_plugin_is_elementor":false,"_links":{"self":[{"href":"https:\/\/interacaosustentavel.eco.br\/index.php\/wp-json\/wp\/v2\/pages\/727","targetHints":{"allow":["GET"]}}],"collection":[{"href":"https:\/\/interacaosustentavel.eco.br\/index.php\/wp-json\/wp\/v2\/pages"}],"about":[{"href":"https:\/\/interacaosustentavel.eco.br\/index.php\/wp-json\/wp\/v2\/types\/page"}],"author":[{"embeddable":true,"href":"https:\/\/interacaosustentavel.eco.br\/index.php\/wp-json\/wp\/v2\/users\/1"}],"replies":[{"embeddable":true,"href":"https:\/\/interacaosustentavel.eco.br\/index.php\/wp-json\/wp\/v2\/comments?post=727"}],"version-history":[{"count":1,"href":"https:\/\/interacaosustentavel.eco.br\/index.php\/wp-json\/wp\/v2\/pages\/727\/revisions"}],"predecessor-version":[{"id":729,"href":"https:\/\/interacaosustentavel.eco.br\/index.php\/wp-json\/wp\/v2\/pages\/727\/revisions\/729"}],"wp:featuredmedia":[{"embeddable":true,"href":"https:\/\/interacaosustentavel.eco.br\/index.php\/wp-json\/wp\/v2\/media\/413"}],"wp:attachment":[{"href":"https:\/\/interacaosustentavel.eco.br\/index.php\/wp-json\/wp\/v2\/media?parent=727"}],"curies":[{"name":"wp","href":"https:\/\/api.w.org\/{rel}","templated":true}]}}